{"id":11,"date":"2020-08-07T00:33:09","date_gmt":"2020-08-07T00:33:09","guid":{"rendered":"http:\/\/www.soespgraf.com\/?page_id=11"},"modified":"2023-09-16T16:10:49","modified_gmt":"2023-09-16T16:10:49","slug":"contacto","status":"publish","type":"page","link":"https:\/\/www.soespgraf.com\/?page_id=11","title":{"rendered":"CONTACTO"},"content":{"rendered":"<div class=\"wp-block-coblocks-social wp-block-coblocks-social-profiles is-style-mask alignfull has-text-align-center has-colors\"><ul><li><a href=\"https:\/\/es-la.facebook.com\/soespgraf\/\" title=\"Facebook\" class=\"wp-block-button__link wp-block-coblocks-social__button wp-block-coblocks-social__button--facebook has-padding\" style=\"border-radius:40px\"><span class=\"wp-block-coblocks-social__icon\" style=\"height:22px;width:22px\"><\/span><span class=\"wp-block-coblocks-social__text\">Facebook<\/span><\/a><\/li><li><a href=\"https:\/\/twitter.com\/cbelgar?lang=es\" title=\"Twitter\" class=\"wp-block-button__link wp-block-coblocks-social__button wp-block-coblocks-social__button--twitter has-padding\" style=\"border-radius:40px\"><span class=\"wp-block-coblocks-social__icon\" style=\"height:22px;width:22px\"><\/span><span class=\"wp-block-coblocks-social__text\">Twitter<\/span><\/a><\/li><li><a href=\"https:\/\/www.pinterest.es\/pin\/647955465121531317\/\" title=\"Pinterest\" class=\"wp-block-button__link wp-block-coblocks-social__button wp-block-coblocks-social__button--pinterest has-padding\" style=\"border-radius:40px\"><span class=\"wp-block-coblocks-social__icon\" style=\"height:22px;width:22px\"><\/span><span class=\"wp-block-coblocks-social__text\">Pinterest<\/span><\/a><\/li><li><a href=\"https:\/\/es.linkedin.com\/in\/juan-carlos-belda-garc%C3%ADa-fresca-94785b23\" title=\"LinkedIn\" class=\"wp-block-button__link wp-block-coblocks-social__button wp-block-coblocks-social__button--linkedin has-padding\" style=\"border-radius:40px\"><span class=\"wp-block-coblocks-social__icon\" style=\"height:22px;width:22px\"><\/span><span class=\"wp-block-coblocks-social__text\">LinkedIn<\/span><\/a><\/li><\/ul><\/div>\n\n\n<h4 class=\"wp-block-heading\"><strong>El formulario de contacto deber\u00e1 emplearse \u00fanicamente para exponer brevemente el asunto relativo a la consulta, facilitando los datos que sean necesarios para que exista comunicaci\u00f3n entre cliente y abogado. No se resolver\u00e1n mediante esta v\u00eda consultas de \u00edndole jur\u00eddica, para lo cual habr\u00e1 que concertar previamente una cita con el Letrado.<\/strong><\/h4>\n\n\n\n<h3 class=\"wp-block-heading\">Env\u00edanos tus consultas<\/h3>\n\n\n\n<p class=\"has-text-align-center\">\n<div class=\"wpcf7 no-js\" id=\"wpcf7-f1065-o1\" lang=\"es-ES\" dir=\"ltr\" data-wpcf7-id=\"1065\">\n<div class=\"screen-reader-response\"><p role=\"status\" aria-live=\"polite\" aria-atomic=\"true\"><\/p> <ul><\/ul><\/div>\n<form action=\"\/index.php?rest_route=%2Fwp%2Fv2%2Fpages%2F11#wpcf7-f1065-o1\" method=\"post\" class=\"wpcf7-form init\" aria-label=\"Formulario de contacto\" novalidate=\"novalidate\" data-status=\"init\">\n<fieldset class=\"hidden-fields-container\"><input type=\"hidden\" name=\"_wpcf7\" value=\"1065\" \/><input type=\"hidden\" name=\"_wpcf7_version\" value=\"6.1.5\" \/><input type=\"hidden\" name=\"_wpcf7_locale\" value=\"es_ES\" \/><input type=\"hidden\" name=\"_wpcf7_unit_tag\" value=\"wpcf7-f1065-o1\" \/><input type=\"hidden\" name=\"_wpcf7_container_post\" value=\"0\" \/><input type=\"hidden\" name=\"_wpcf7_posted_data_hash\" value=\"\" \/>\n<\/fieldset>\n<p><label> <strong>Su nombre<\/strong><br \/>\n<span class=\"wpcf7-form-control-wrap\" data-name=\"your-name\"><input size=\"40\" maxlength=\"400\" class=\"wpcf7-form-control wpcf7-text wpcf7-validates-as-required\" autocomplete=\"name\" aria-required=\"true\" aria-invalid=\"false\" value=\"\" type=\"text\" name=\"your-name\" \/><\/span> <\/label>\n<\/p>\n<p><label><strong>Correo electr\u00f3nico<\/strong><br \/>\n<span class=\"wpcf7-form-control-wrap\" data-name=\"your-email\"><input size=\"40\" maxlength=\"400\" class=\"wpcf7-form-control wpcf7-email wpcf7-validates-as-required wpcf7-text wpcf7-validates-as-email\" autocomplete=\"email\" aria-required=\"true\" aria-invalid=\"false\" value=\"\" type=\"email\" name=\"your-email\" \/><\/span><\/label>\n<\/p>\n<p><label><strong>Tel\u00e9fono<\/strong><br \/>\n<span class=\"wpcf7-form-control-wrap\" data-name=\"tel-712\"><input size=\"40\" maxlength=\"400\" class=\"wpcf7-form-control wpcf7-tel wpcf7-validates-as-required wpcf7-text wpcf7-validates-as-tel\" id=\"Telfono\" aria-required=\"true\" aria-invalid=\"false\" value=\"\" type=\"tel\" name=\"tel-712\" \/><\/span><\/label>\n<\/p>\n<p><label><strong> Asunto <\/strong><br \/>\n<span class=\"wpcf7-form-control-wrap\" data-name=\"your-subject\"><input size=\"40\" maxlength=\"400\" class=\"wpcf7-form-control wpcf7-text wpcf7-validates-as-required\" aria-required=\"true\" aria-invalid=\"false\" value=\"\" type=\"text\" name=\"your-subject\" \/><\/span><\/label>\n<\/p>\n<p><label> <strong>Su mensaje <\/strong><br \/>\n<span class=\"wpcf7-form-control-wrap\" data-name=\"your-message\"><textarea cols=\"40\" rows=\"10\" maxlength=\"2000\" class=\"wpcf7-form-control wpcf7-textarea wpcf7-validates-as-required\" aria-required=\"true\" aria-invalid=\"false\" name=\"your-message\"><\/textarea><\/span> <\/label>\n<\/p>\n<p><input class=\"wpcf7-form-control wpcf7-submit has-spinner\" type=\"submit\" value=\"Enviar\" \/>\n<\/p><div class=\"wpcf7-response-output\" aria-hidden=\"true\"><\/div>\n<\/form>\n<\/div>\n<\/p>\n\n\n\n<h2 class=\"wp-block-heading\"><a href=\"http:\/\/www.soespgraf.com\/?page_id=5\" target=\"_blank\" rel=\"noreferrer noopener\">Pol\u00edtica de Privacidad<\/a><\/h2>\n\n\n\n<p class=\"has-times-new-roman-font-family has-custom-font\" style=\"font-family:Times New Roman\"><u>Protecci\u00f3n de Datos<\/u>: <strong>Sociedad espa\u00f1ola de grafolog\u00eda <\/strong>le informa que los datos de contacto recogidos en esta comunicaci\u00f3n, han sido recabados por <strong>Formularios de Contacto Web<\/strong>, habiendo sido facilitados voluntariamente por usted con la finalidad de llevar a cabo la relaci\u00f3n profesional y las comunicaciones que puedan ser de su inter\u00e9s, quedando por tanto informado que sus datos no ser\u00e1n utilizados con fines comerciales ajenos a la relaci\u00f3n establecida, sino \u00fanicamente para el fin con que los haya prestado y que pudieran ser incorporados a bases de datos propias y ficheros de datos personales espec\u00edficos de clientes de los servicios prestados, en caso de existencia de los mismos. Igualmente le informamos que puede ejercitar ante el responsable del Tratamiento de los Datos <strong>Sociedad espa\u00f1ola de grafolog\u00eda<\/strong>, mediante el correo <a href=\"mailto:soespgraf@gmail.com\">soespgraf@gmail.com<\/a> o en forma presencial en la sede ubicada Av. del Mediterr\u00e1neo, 18, Bajo C, 28007 Madrid los derechos de acceso, rectificaci\u00f3n o cancelaci\u00f3n de sus datos, y la limitaci\u00f3n u oposici\u00f3n a su tratamiento, as\u00ed como retirar el consentimiento prestado mediante este documento en cualquier momento seg\u00fan dispone nuestra <strong><a href=\"http:\/\/www.soespgraf.com\/?page_id=5\" target=\"_blank\" rel=\"noreferrer noopener\">Pol\u00edtica de Privacidad <\/a><\/strong>y la legislaci\u00f3n vigente al respecto.<\/p>\n","protected":false},"excerpt":{"rendered":"<p>El formulario de contacto deber\u00e1 emplearse \u00fanicamente para exponer brevemente el asunto relativo a la consulta, facilitando los datos que sean necesarios para que exista comunicaci\u00f3n entre cliente y abogado. No se resolver\u00e1n mediante esta v\u00eda consultas de \u00edndole jur\u00eddica, para lo cual habr\u00e1 que concertar previamente una cita con el Letrado. Env\u00edanos tus consultas [&hellip;]<\/p>\n","protected":false},"author":1,"featured_media":0,"parent":0,"menu_order":0,"comment_status":"closed","ping_status":"closed","template":"","meta":{"_coblocks_attr":"Times New Roman","_coblocks_dimensions":"","_coblocks_responsive_height":"","_coblocks_accordion_ie_support":"","hide_page_title":"","footnotes":""},"class_list":["post-11","page","type-page","status-publish","hentry"],"yoast_head":"<!-- This site is optimized with the Yoast SEO plugin v25.6 - https:\/\/yoast.com\/wordpress\/plugins\/seo\/ -->\n<title>Sociedad Espa\u00f1ola de Grafolog\u00ed\u00ada<\/title>\n<meta name=\"description\" content=\"\u00bfLe interesa saber qu\u00e9 es la grafolog\u00eda? Es una ciencia que estudia los m\u00faltiples aspectos de la personalidad por medio de la escritura. La grafolog\u00eda nos puede ayudar a conocernos a nosotros mismos as\u00ed como a las personas que nos rodean.El Sistema X\u00e1ndr\u00f3 es el resumen de 54 a\u00f1os de labor dedicada a la ense\u00f1anza hermanada con la investigaci\u00f3n.\" \/>\n<meta name=\"robots\" content=\"index, follow, max-snippet:-1, max-image-preview:large, max-video-preview:-1\" \/>\n<link rel=\"canonical\" href=\"https:\/\/www.soespgraf.com\/?page_id=11\" \/>\n<meta property=\"og:locale\" content=\"es_ES\" \/>\n<meta property=\"og:type\" content=\"article\" \/>\n<meta property=\"og:title\" content=\"Sociedad Espa\u00f1ola de Grafolog\u00ed\u00ada\" \/>\n<meta property=\"og:description\" content=\"\u00bfLe interesa saber qu\u00e9 es la grafolog\u00eda? Es una ciencia que estudia los m\u00faltiples aspectos de la personalidad por medio de la escritura. La grafolog\u00eda nos puede ayudar a conocernos a nosotros mismos as\u00ed como a las personas que nos rodean.El Sistema X\u00e1ndr\u00f3 es el resumen de 54 a\u00f1os de labor dedicada a la ense\u00f1anza hermanada con la investigaci\u00f3n.\" \/>\n<meta property=\"og:url\" content=\"https:\/\/www.soespgraf.com\/?page_id=11\" \/>\n<meta property=\"og:site_name\" content=\"Sociedad Espa\u00f1ola de Grafolog\u00ed\u00ada\" \/>\n<meta property=\"article:modified_time\" content=\"2023-09-16T16:10:49+00:00\" \/>\n<meta name=\"twitter:card\" content=\"summary_large_image\" \/>\n<meta name=\"twitter:label1\" content=\"Tiempo de lectura\" \/>\n\t<meta name=\"twitter:data1\" content=\"2 minutos\" \/>\n<script type=\"application\/ld+json\" class=\"yoast-schema-graph\">{\"@context\":\"https:\/\/schema.org\",\"@graph\":[{\"@type\":\"WebPage\",\"@id\":\"https:\/\/www.soespgraf.com\/?page_id=11\",\"url\":\"https:\/\/www.soespgraf.com\/?page_id=11\",\"name\":\"Sociedad Espa\u00f1ola de Grafolog\u00ed\u00ada\",\"isPartOf\":{\"@id\":\"https:\/\/www.soespgraf.com\/#website\"},\"datePublished\":\"2020-08-07T00:33:09+00:00\",\"dateModified\":\"2023-09-16T16:10:49+00:00\",\"description\":\"\u00bfLe interesa saber qu\u00e9 es la grafolog\u00eda? Es una ciencia que estudia los m\u00faltiples aspectos de la personalidad por medio de la escritura. La grafolog\u00eda nos puede ayudar a conocernos a nosotros mismos as\u00ed como a las personas que nos rodean.El Sistema X\u00e1ndr\u00f3 es el resumen de 54 a\u00f1os de labor dedicada a la ense\u00f1anza hermanada con la investigaci\u00f3n.\",\"breadcrumb\":{\"@id\":\"https:\/\/www.soespgraf.com\/?page_id=11#breadcrumb\"},\"inLanguage\":\"es\",\"potentialAction\":[{\"@type\":\"ReadAction\",\"target\":[\"https:\/\/www.soespgraf.com\/?page_id=11\"]}]},{\"@type\":\"BreadcrumbList\",\"@id\":\"https:\/\/www.soespgraf.com\/?page_id=11#breadcrumb\",\"itemListElement\":[{\"@type\":\"ListItem\",\"position\":1,\"name\":\"Home\",\"item\":\"https:\/\/www.soespgraf.com\/\"},{\"@type\":\"ListItem\",\"position\":2,\"name\":\"CONTACTO\"}]},{\"@type\":\"WebSite\",\"@id\":\"https:\/\/www.soespgraf.com\/#website\",\"url\":\"https:\/\/www.soespgraf.com\/\",\"name\":\"Sociedad Espa\u00f1ola de Grafolog\u00ed\u00ada\",\"description\":\"Sociedad Espa\u00f1ola de Grafolog\u00ed\u00ada\",\"publisher\":{\"@id\":\"https:\/\/www.soespgraf.com\/#organization\"},\"potentialAction\":[{\"@type\":\"SearchAction\",\"target\":{\"@type\":\"EntryPoint\",\"urlTemplate\":\"https:\/\/www.soespgraf.com\/?s={search_term_string}\"},\"query-input\":{\"@type\":\"PropertyValueSpecification\",\"valueRequired\":true,\"valueName\":\"search_term_string\"}}],\"inLanguage\":\"es\"},{\"@type\":\"Organization\",\"@id\":\"https:\/\/www.soespgraf.com\/#organization\",\"name\":\"Sociedad espa\u00f1ola de grafolog\u00eda\",\"url\":\"https:\/\/www.soespgraf.com\/\",\"logo\":{\"@type\":\"ImageObject\",\"inLanguage\":\"es\",\"@id\":\"https:\/\/www.soespgraf.com\/#\/schema\/logo\/image\/\",\"url\":\"https:\/\/www.soespgraf.com\/wp-content\/uploads\/2020\/08\/DSC02324-2.png\",\"contentUrl\":\"https:\/\/www.soespgraf.com\/wp-content\/uploads\/2020\/08\/DSC02324-2.png\",\"width\":598,\"height\":598,\"caption\":\"Sociedad espa\u00f1ola de grafolog\u00eda\"},\"image\":{\"@id\":\"https:\/\/www.soespgraf.com\/#\/schema\/logo\/image\/\"}}]}<\/script>\n<!-- \/ Yoast SEO plugin. -->","yoast_head_json":{"title":"Sociedad Espa\u00f1ola de Grafolog\u00ed\u00ada","description":"\u00bfLe interesa saber qu\u00e9 es la grafolog\u00eda? Es una ciencia que estudia los m\u00faltiples aspectos de la personalidad por medio de la escritura. La grafolog\u00eda nos puede ayudar a conocernos a nosotros mismos as\u00ed como a las personas que nos rodean.El Sistema X\u00e1ndr\u00f3 es el resumen de 54 a\u00f1os de labor dedicada a la ense\u00f1anza hermanada con la investigaci\u00f3n.","robots":{"index":"index","follow":"follow","max-snippet":"max-snippet:-1","max-image-preview":"max-image-preview:large","max-video-preview":"max-video-preview:-1"},"canonical":"https:\/\/www.soespgraf.com\/?page_id=11","og_locale":"es_ES","og_type":"article","og_title":"Sociedad Espa\u00f1ola de Grafolog\u00ed\u00ada","og_description":"\u00bfLe interesa saber qu\u00e9 es la grafolog\u00eda? Es una ciencia que estudia los m\u00faltiples aspectos de la personalidad por medio de la escritura. La grafolog\u00eda nos puede ayudar a conocernos a nosotros mismos as\u00ed como a las personas que nos rodean.El Sistema X\u00e1ndr\u00f3 es el resumen de 54 a\u00f1os de labor dedicada a la ense\u00f1anza hermanada con la investigaci\u00f3n.","og_url":"https:\/\/www.soespgraf.com\/?page_id=11","og_site_name":"Sociedad Espa\u00f1ola de Grafolog\u00ed\u00ada","article_modified_time":"2023-09-16T16:10:49+00:00","twitter_card":"summary_large_image","twitter_misc":{"Tiempo de lectura":"2 minutos"},"schema":{"@context":"https:\/\/schema.org","@graph":[{"@type":"WebPage","@id":"https:\/\/www.soespgraf.com\/?page_id=11","url":"https:\/\/www.soespgraf.com\/?page_id=11","name":"Sociedad Espa\u00f1ola de Grafolog\u00ed\u00ada","isPartOf":{"@id":"https:\/\/www.soespgraf.com\/#website"},"datePublished":"2020-08-07T00:33:09+00:00","dateModified":"2023-09-16T16:10:49+00:00","description":"\u00bfLe interesa saber qu\u00e9 es la grafolog\u00eda? Es una ciencia que estudia los m\u00faltiples aspectos de la personalidad por medio de la escritura. La grafolog\u00eda nos puede ayudar a conocernos a nosotros mismos as\u00ed como a las personas que nos rodean.El Sistema X\u00e1ndr\u00f3 es el resumen de 54 a\u00f1os de labor dedicada a la ense\u00f1anza hermanada con la investigaci\u00f3n.","breadcrumb":{"@id":"https:\/\/www.soespgraf.com\/?page_id=11#breadcrumb"},"inLanguage":"es","potentialAction":[{"@type":"ReadAction","target":["https:\/\/www.soespgraf.com\/?page_id=11"]}]},{"@type":"BreadcrumbList","@id":"https:\/\/www.soespgraf.com\/?page_id=11#breadcrumb","itemListElement":[{"@type":"ListItem","position":1,"name":"Home","item":"https:\/\/www.soespgraf.com\/"},{"@type":"ListItem","position":2,"name":"CONTACTO"}]},{"@type":"WebSite","@id":"https:\/\/www.soespgraf.com\/#website","url":"https:\/\/www.soespgraf.com\/","name":"Sociedad Espa\u00f1ola de Grafolog\u00ed\u00ada","description":"Sociedad Espa\u00f1ola de Grafolog\u00ed\u00ada","publisher":{"@id":"https:\/\/www.soespgraf.com\/#organization"},"potentialAction":[{"@type":"SearchAction","target":{"@type":"EntryPoint","urlTemplate":"https:\/\/www.soespgraf.com\/?s={search_term_string}"},"query-input":{"@type":"PropertyValueSpecification","valueRequired":true,"valueName":"search_term_string"}}],"inLanguage":"es"},{"@type":"Organization","@id":"https:\/\/www.soespgraf.com\/#organization","name":"Sociedad espa\u00f1ola de grafolog\u00eda","url":"https:\/\/www.soespgraf.com\/","logo":{"@type":"ImageObject","inLanguage":"es","@id":"https:\/\/www.soespgraf.com\/#\/schema\/logo\/image\/","url":"https:\/\/www.soespgraf.com\/wp-content\/uploads\/2020\/08\/DSC02324-2.png","contentUrl":"https:\/\/www.soespgraf.com\/wp-content\/uploads\/2020\/08\/DSC02324-2.png","width":598,"height":598,"caption":"Sociedad espa\u00f1ola de grafolog\u00eda"},"image":{"@id":"https:\/\/www.soespgraf.com\/#\/schema\/logo\/image\/"}}]}},"_links":{"self":[{"href":"https:\/\/www.soespgraf.com\/index.php?rest_route=\/wp\/v2\/pages\/11","targetHints":{"allow":["GET"]}}],"collection":[{"href":"https:\/\/www.soespgraf.com\/index.php?rest_route=\/wp\/v2\/pages"}],"about":[{"href":"https:\/\/www.soespgraf.com\/index.php?rest_route=\/wp\/v2\/types\/page"}],"author":[{"embeddable":true,"href":"https:\/\/www.soespgraf.com\/index.php?rest_route=\/wp\/v2\/users\/1"}],"replies":[{"embeddable":true,"href":"https:\/\/www.soespgraf.com\/index.php?rest_route=%2Fwp%2Fv2%2Fcomments&post=11"}],"version-history":[{"count":21,"href":"https:\/\/www.soespgraf.com\/index.php?rest_route=\/wp\/v2\/pages\/11\/revisions"}],"predecessor-version":[{"id":1082,"href":"https:\/\/www.soespgraf.com\/index.php?rest_route=\/wp\/v2\/pages\/11\/revisions\/1082"}],"wp:attachment":[{"href":"https:\/\/www.soespgraf.com\/index.php?rest_route=%2Fwp%2Fv2%2Fmedia&parent=11"}],"curies":[{"name":"wp","href":"https:\/\/api.w.org\/{rel}","templated":true}]}}