{"id":140,"date":"2020-08-07T15:16:25","date_gmt":"2020-08-07T15:16:25","guid":{"rendered":"http:\/\/www.soespgraf.com\/?page_id=140"},"modified":"2025-01-17T19:04:23","modified_gmt":"2025-01-17T19:04:23","slug":"icicio","status":"publish","type":"page","link":"https:\/\/www.soespgraf.com\/","title":{"rendered":"INICIO"},"content":{"rendered":"\n<p><\/p>\n\n\n\n<p class=\"has-text-align-center coblocks-animate has-custom-lineheight has-custom-letterspacing\" data-coblocks-animation=\"zoomIn\" style=\"line-height:1;letter-spacing:1.5px;font-size:43px\"><mark style=\"background-color:rgba(0, 0, 0, 0)\" class=\"has-inline-color has-primary-color\"><strong>50 ANIVERSARIO SOESPGRAF<\/strong><\/mark><\/p>\n\n\n\n<p class=\"has-text-align-center coblocks-animate has-custom-lineheight has-custom-letterspacing\" data-coblocks-animation=\"zoomIn\" style=\"line-height:1.25;letter-spacing:-1px;font-size:57px\">       <strong><mark style=\"background-color:rgba(0, 0, 0, 0)\" class=\"has-inline-color has-primary-color\">(1975-2025)\u00a0<\/mark>\u00a0 \u00a0 \u00a0<\/strong><\/p>\n\n\n<div class=\"wp-block-coblocks-social wp-block-coblocks-social-profiles is-style-mask alignfull has-text-align-center has-colors\"><ul><li><a href=\"https:\/\/es-la.facebook.com\/soespgraf\/\" title=\"Facebook\" class=\"wp-block-button__link wp-block-coblocks-social__button wp-block-coblocks-social__button--facebook has-padding\" style=\"border-radius:40px\"><span class=\"wp-block-coblocks-social__icon\" style=\"height:22px;width:22px\"><\/span><span class=\"wp-block-coblocks-social__text\">Facebook<\/span><\/a><\/li><li><a href=\"https:\/\/twitter.com\/cbelgar?lang=es\" title=\"Twitter\" class=\"wp-block-button__link wp-block-coblocks-social__button wp-block-coblocks-social__button--twitter has-padding\" style=\"border-radius:40px\"><span class=\"wp-block-coblocks-social__icon\" style=\"height:22px;width:22px\"><\/span><span class=\"wp-block-coblocks-social__text\">Twitter<\/span><\/a><\/li><li><a href=\"https:\/\/www.pinterest.es\/pin\/647955465121531317\/\" title=\"Pinterest\" class=\"wp-block-button__link wp-block-coblocks-social__button wp-block-coblocks-social__button--pinterest has-padding\" style=\"border-radius:40px\"><span class=\"wp-block-coblocks-social__icon\" style=\"height:22px;width:22px\"><\/span><span class=\"wp-block-coblocks-social__text\">Pinterest<\/span><\/a><\/li><li><a href=\"https:\/\/es.linkedin.com\/in\/juan-carlos-belda-garc%C3%ADa-fresca-94785b23\" title=\"LinkedIn\" class=\"wp-block-button__link wp-block-coblocks-social__button wp-block-coblocks-social__button--linkedin has-padding\" style=\"border-radius:40px\"><span class=\"wp-block-coblocks-social__icon\" style=\"height:22px;width:22px\"><\/span><span class=\"wp-block-coblocks-social__text\">LinkedIn<\/span><\/a><\/li><\/ul><\/div>\n\n\n<h2 class=\"wp-block-heading has-text-align-center\" style=\"font-size:39px\"><strong>\u00bfQu\u00e9 es la grafolog\u00eda?<\/strong><\/h2>\n\n\n\n<p class=\"has-text-color\" style=\"color:#0a0a0a\"><strong>Es una ciencia que estudia los m\u00faltiples aspectos de la personalidad por medio de la escritura. Se considera un test proyectivo natural, pero muy amplio ya que los datos psicol\u00f3gicos de la personalidad que obtenemos por los trazos son m\u00faltiples y variados, pocos test proyectivos son capaces de profundizar tanto en la persona<\/strong>.<\/p>\n\n\n\n<h2 class=\"wp-block-heading has-text-align-center\" style=\"font-size:43px\"><strong>Aprende grafolog\u00eda para prepararte como un profesional con el m\u00e9todo Xandr\u00f3\u00a9<\/strong><\/h2>\n\n\n\n<figure class=\"wp-block-image size-large\"><img loading=\"lazy\" decoding=\"async\" width=\"700\" height=\"650\" src=\"https:\/\/www.soespgraf.com\/wp-content\/uploads\/2020\/08\/Belda-3.png\" alt=\"\" class=\"wp-image-380\" srcset=\"https:\/\/www.soespgraf.com\/wp-content\/uploads\/2020\/08\/Belda-3.png 700w, https:\/\/www.soespgraf.com\/wp-content\/uploads\/2020\/08\/Belda-3-300x279.png 300w\" sizes=\"auto, (max-width: 700px) 100vw, 700px\" \/><\/figure>\n\n\n\n<div class=\"wp-block-coblocks-accordion\">\n<div class=\"wp-block-coblocks-accordion-item\"><details><summary class=\"wp-block-coblocks-accordion-item__title has-background has-quaternary-background-color\"><strong>Saber m\u00e1s sobre m\u00e9todo X\u00e1ndro<\/strong><\/summary><div class=\"wp-block-coblocks-accordion-item__content\" style=\"border-color:#ffffff\">\n<p class=\"has-quaternary-background-color has-background\"><strong>Pocos test proyectivos son capaces de profundizar tanto en la persona como la Grafolog\u00eda. Adem\u00e1s de ayudarnos a conocernos a nosotros mismos, nos puede ayudar a conocer a personas de nuestro entorno, sus aptitudes y posibilidades. Desde 1974 el m\u00e9todo que instaur\u00f3 Don Mauricio Xandr\u00f3 se preocup\u00f3 por divulgar, regularizar e investigar acerca de esta ciencia.<\/strong><\/p>\n\n\n\n<p class=\"has-quaternary-background-color has-background\"><strong>El camino del estudio grafol\u00f3gico se inicia en el an\u00e1lisis morfol\u00f3gico de la escritura. Este analiza los microgestos que se realizan al escribir y que apuntan los cimientos sobre los que se asienta el descubrimiento de rasgos de la personalidad humana.<\/strong><\/p>\n\n\n\n<p class=\"has-quaternary-background-color has-background\"><strong>El siguiente paso profundiza en el estudio de la psicolog\u00eda. Utiliza un esquema en el que puede describir a las personas para diferentes finalidades: psicolog\u00eda cl\u00ednica, psicolog\u00eda industrial, grafopatolog\u00eda, o pericia caligr\u00e1fica.<\/strong><\/p>\n\n\n\n<p class=\"has-quaternary-background-color has-background\"><strong>Las ventajas de este m\u00e9todo son: est\u00e1 avalado por la Sociedad Espa\u00f1ola de Grafolog\u00eda y por la Bircham International University, que est\u00e1n en constante adaptaci\u00f3n y en profunda investigaci\u00f3n. La divulgaci\u00f3n de las t\u00e9cnicas grafol\u00f3gicas es una de las intenciones de esta instituci\u00f3n para que estos conocimientos lleguen a los estamentos sociales y hacer llegar al p\u00fablico la existencia de la Grafolog\u00eda.<\/strong><\/p>\n\n\n\n<h3 class=\"wp-block-heading has-text-align-center\"><strong><em>SOBRE&nbsp;<a href=\"http:\/\/portal-grafologico.blogspot.com\/2010\/08\/mauricio-xandro.html\" target=\"_blank\" rel=\"noreferrer noopener\">MAURICIO XANDR\u00d3<\/a><\/em><\/strong><\/h3>\n\n\n\n<p class=\"has-text-color has-quaternary-background-color has-background\" style=\"color:#0a0a0a\"><strong>Pedro Germ\u00e1n Belda Gonz\u00e1lez (Mauricio Xandr\u00f3)&nbsp;naci\u00f3 en Bilbao en 1924.<\/strong><\/p>\n\n\n\n<p class=\"has-text-color has-quaternary-background-color has-background\" style=\"color:#0a0a0a\"><strong>Empieza a estudiar grafolog\u00eda de forma autodidacta en los a\u00f1os 40, estudiando las obras de A. Rochetal y posteriormente de Julio Crepieux-Jamin.<br>Posteriormente, realiza un curso en el Centro Belpost-Tecnopost de Barcelona, bajo la direcci\u00f3n del Profesor D. Augusto Vels, y a principios de 1950 ampl\u00eda sus estudios con Matilde Ras.<br>Ha colaborado en revistas, peri\u00f3dicos, radios y en televisi\u00f3n: San Antonio de Padua, Pueblo, Diario Ya, Radio Bilbao (donde estuvo 14 a\u00f1os llevando una secci\u00f3n grafol\u00f3gica), El Heraldo de Caracas, Jornal de Noticias de Oporto, Marca, Radio Popular, Radio Espa\u00f1a, Televisi\u00f3n Espa\u00f1ola (durante un a\u00f1o colabora semanalmente en el programa \u201cTodo es posible en domingo\u201d, con much\u00edsima audiencia; y posteriormente con Alfredo Amestoy en el programa \u201cEsta es su vida\u201d, realizando an\u00e1lisis grafol\u00f3gicos de personalidades relevantes, como Montserrat Caball\u00e9, Dr. Vallejo N\u00e1jera, Jos\u00e9 Manuel de Lara, Francisco Rabal, etc.)<\/strong><\/p>\n\n\n\n<p class=\"has-text-color has-quaternary-background-color has-background\" style=\"color:#0a0a0a\"><strong>En 1.968 estudia tambi\u00e9n grafolog\u00eda en el Instituto Salazar y Castro, dependiente del Consejo Superior de Investigaciones Cient\u00edficas, y en 1972 se diploma en Grafopsicolog\u00eda, Grafopatolog\u00eda y Selecci\u00f3n de Personal por la Universidad Complutense de Madrid (Facultad de Medicina).<\/strong><\/p>\n\n\n\n<p class=\"has-text-color has-quaternary-background-color has-background\" style=\"color:#0a0a0a\"><strong>Posteriormente, \u00e9l mismo dicta cursos de Grafolog\u00eda, Grafopatolog\u00eda y Selecci\u00f3n de Personal en dicha Facultad de Medicina bajo el control y supervisi\u00f3n del Dr. D. Bonifacio Piga S\u00e1nchez-Morate, Vice Decano de la Facultad y Catedr\u00e1tico de Medicina Legal.<\/strong><\/p>\n\n\n\n<p class=\"has-text-color has-quaternary-background-color has-background\" style=\"color:#0a0a0a\"><strong>Ha sido desde su fundaci\u00f3n (1975), Presidente de la Sociedad Espa\u00f1ola de Grafolog\u00eda.<\/strong><\/p>\n\n\n\n<p class=\"has-text-color has-quaternary-background-color has-background\" style=\"color:#0a0a0a\"><strong>En sus comienzos escribi\u00f3 cuentos infantiles, novelas, biograf\u00edas, y por supuesto, multitud de obras grafol\u00f3gicas, entre las que cabe destacar \u201cGrafolog\u00eda Superior\u201d, \u201cGrafolog\u00eda Elemental\u201d, \u201cGrafolog\u00eda y Complejos\u201d, \u201cGrafolog\u00eda para todos\u201d y \u201cGrafolog\u00eda y Recursos Humanos\u201d.<\/strong><\/p>\n\n\n\n<p class=\"has-text-color has-quaternary-background-color has-background\" style=\"color:#0a0a0a\"><strong><em>En 1998, la Sociedad Andaluza de Grafolog\u00eda y Pericia Caligr\u00e1fica nombra al Profesor Mauricio Xandr\u00f3 Presidente Honor\u00edfico.<\/em><\/strong><\/p>\n\n\n\n<p class=\"has-text-color has-quaternary-background-color has-background\" style=\"color:#0a0a0a\"><strong><em>Ha sido distinguido con la Medalla de Oro al M\u00e9rito Tecnol\u00f3gico que otorga FEDINE, y con el reconocimiento de Perito Graf\u00f3logo Oficial Honoris Causa otorgado por el Instituto Universitario Emerson, de Argentina. Posteriormente, tambi\u00e9n con el de Profesor Honoris Causa en Psicolog\u00eda (Universidad de Flores \u2013 Argentina)<\/em><\/strong><\/p>\n<\/div><\/details><\/div>\n<\/div>\n\n\n\n<div class=\"wp-block-buttons is-content-justification-center is-layout-flex wp-container-core-buttons-is-layout-16018d1d wp-block-buttons-is-layout-flex\"><\/div>\n\n\n\n<div class=\"wp-block-coblocks-services is-style-square\"><div class=\"has-columns has-2-columns has-responsive-columns has-large-gutter\">\n\n<div class=\"wp-block-coblocks-service\"><figure class=\"wp-block-coblocks-service__figure\"><img decoding=\"async\" src=\"https:\/\/www.soespgraf.com\/wp-content\/uploads\/2020\/10\/GIF-CURSOS.gif\" alt=\"\" style=\"object-position:56.00000000000001% 93%\"\/><\/figure><div class=\"wp-block-coblocks-service__content\">\n\n<div class=\"wp-block-button aligncenter\"><a class=\"wp-block-button__link\" href=\"https:\/\/www.soespgraf.com\/?page_id=59\">Acceda a nuestros Cursos<\/a><\/div>\n\n<\/div><\/div>\n\n\n<div class=\"wp-block-coblocks-service\"><figure class=\"wp-block-coblocks-service__figure\"><img decoding=\"async\" src=\"https:\/\/www.soespgraf.com\/wp-content\/uploads\/2020\/08\/MANO.png\" alt=\"Mano\"\/><\/figure><div class=\"wp-block-coblocks-service__content\">\n\n<div class=\"wp-block-button aligncenter\"><a class=\"wp-block-button__link\" href=\"https:\/\/www.soespgraf.com\/?page_id=246\">Servicio de Pericia Caligr\u00e1fica<\/a><\/div>\n\n<\/div><\/div>\n\n<\/div><\/div>\n\n\n\n<h6 class=\"wp-block-heading has-text-align-center\">Si lo desea p\u00f3ngase en contacto con nosotros a trav\u00e9s de nuestro formulario y le atenderemos con la m\u00e1xima premura<\/h6>\n\n\n\n<div class=\"wp-block-buttons is-content-justification-center is-layout-flex wp-container-core-buttons-is-layout-16018d1d wp-block-buttons-is-layout-flex\">\n<div class=\"wp-block-button\"><a class=\"wp-block-button__link has-quaternary-color has-primary-background-color has-text-color has-background wp-element-button\" href=\"http:\/\/www.soespgraf.com\/?page_id=11\">Contacte con nosotros<\/a><\/div>\n<\/div>\n\n\n\n<p><\/p>\n","protected":false},"excerpt":{"rendered":"<p>50 ANIVERSARIO SOESPGRAF (1975-2025)\u00a0\u00a0 \u00a0 \u00a0 \u00bfQu\u00e9 es la grafolog\u00eda? Es una ciencia que estudia los m\u00faltiples aspectos de la personalidad por medio de la escritura. Se considera un test proyectivo natural, pero muy amplio ya que los datos psicol\u00f3gicos de la personalidad que obtenemos por los trazos son m\u00faltiples y variados, pocos test proyectivos [&hellip;]<\/p>\n","protected":false},"author":1,"featured_media":0,"parent":0,"menu_order":0,"comment_status":"closed","ping_status":"closed","template":"","meta":{"_coblocks_attr":"","_coblocks_dimensions":"","_coblocks_responsive_height":"","_coblocks_accordion_ie_support":"","hide_page_title":"","footnotes":""},"class_list":["post-140","page","type-page","status-publish","hentry"],"yoast_head":"<!-- This site is optimized with the Yoast SEO plugin v25.6 - https:\/\/yoast.com\/wordpress\/plugins\/seo\/ -->\n<title>Sociedad Espa\u00f1ola de Grafolog\u00ed\u00ada<\/title>\n<meta name=\"description\" content=\"\u00bfQu\u00e9 es la grafolog\u00eda?Es una ciencia que estudia los m\u00faltiples aspectos de la personalidad por medio de la escritura. Se considera un test proyectivo natural, pero muy amplio yaque los datos psicol\u00f3gicos de la personalidad que obtenemos son m\u00faltiples yvariados, y pocos test proyectivos Grafolog\u00eda Cursos Psicolog\u00eda Ipsigrap Escritura Grafoterap\u00eda Personalidad Pericia Caligr\u00e1fica Letra Falso Firma Ol\u00f3grafo Testamento Centro Asociaci\u00f3n Xandro Test Grafozoom Mauricio\" \/>\n<meta name=\"robots\" content=\"index, follow, max-snippet:-1, max-image-preview:large, max-video-preview:-1\" \/>\n<link rel=\"canonical\" href=\"https:\/\/www.soespgraf.com\/\" \/>\n<meta property=\"og:locale\" content=\"es_ES\" \/>\n<meta property=\"og:type\" content=\"article\" \/>\n<meta property=\"og:title\" content=\"Sociedad Espa\u00f1ola de Grafolog\u00ed\u00ada\" \/>\n<meta property=\"og:description\" content=\"\u00bfQu\u00e9 es la grafolog\u00eda?Es una ciencia que estudia los m\u00faltiples aspectos de la personalidad por medio de la escritura. Se considera un test proyectivo natural, pero muy amplio yaque los datos psicol\u00f3gicos de la personalidad que obtenemos son m\u00faltiples yvariados, y pocos test proyectivos Grafolog\u00eda Cursos Psicolog\u00eda Ipsigrap Escritura Grafoterap\u00eda Personalidad Pericia Caligr\u00e1fica Letra Falso Firma Ol\u00f3grafo Testamento Centro Asociaci\u00f3n Xandro Test Grafozoom Mauricio\" \/>\n<meta property=\"og:url\" content=\"https:\/\/www.soespgraf.com\/\" \/>\n<meta property=\"og:site_name\" content=\"Sociedad Espa\u00f1ola de Grafolog\u00ed\u00ada\" \/>\n<meta property=\"article:modified_time\" content=\"2025-01-17T19:04:23+00:00\" \/>\n<meta property=\"og:image\" content=\"https:\/\/www.soespgraf.com\/wp-content\/uploads\/2020\/08\/DSC02324-1.png\" \/>\n\t<meta property=\"og:image:width\" content=\"598\" \/>\n\t<meta property=\"og:image:height\" content=\"598\" \/>\n\t<meta property=\"og:image:type\" content=\"image\/png\" \/>\n<meta name=\"twitter:card\" content=\"summary_large_image\" \/>\n<meta name=\"twitter:image\" content=\"https:\/\/www.soespgraf.com\/wp-content\/uploads\/2020\/08\/DSC02324-1.png\" \/>\n<meta name=\"twitter:label1\" content=\"Tiempo de lectura\" \/>\n\t<meta name=\"twitter:data1\" content=\"4 minutos\" \/>\n<script type=\"application\/ld+json\" class=\"yoast-schema-graph\">{\"@context\":\"https:\/\/schema.org\",\"@graph\":[{\"@type\":\"WebPage\",\"@id\":\"https:\/\/www.soespgraf.com\/\",\"url\":\"https:\/\/www.soespgraf.com\/\",\"name\":\"Sociedad Espa\u00f1ola de Grafolog\u00ed\u00ada\",\"isPartOf\":{\"@id\":\"https:\/\/www.soespgraf.com\/#website\"},\"primaryImageOfPage\":{\"@id\":\"https:\/\/www.soespgraf.com\/#primaryimage\"},\"image\":{\"@id\":\"https:\/\/www.soespgraf.com\/#primaryimage\"},\"thumbnailUrl\":\"https:\/\/www.soespgraf.com\/wp-content\/uploads\/2020\/08\/Belda-3.png\",\"datePublished\":\"2020-08-07T15:16:25+00:00\",\"dateModified\":\"2025-01-17T19:04:23+00:00\",\"description\":\"\u00bfQu\u00e9 es la grafolog\u00eda?Es una ciencia que estudia los m\u00faltiples aspectos de la personalidad por medio de la escritura. Se considera un test proyectivo natural, pero muy amplio yaque los datos psicol\u00f3gicos de la personalidad que obtenemos son m\u00faltiples yvariados, y pocos test proyectivos Grafolog\u00eda Cursos Psicolog\u00eda Ipsigrap Escritura Grafoterap\u00eda Personalidad Pericia Caligr\u00e1fica Letra Falso Firma Ol\u00f3grafo Testamento Centro Asociaci\u00f3n Xandro Test Grafozoom Mauricio\",\"breadcrumb\":{\"@id\":\"https:\/\/www.soespgraf.com\/#breadcrumb\"},\"inLanguage\":\"es\",\"potentialAction\":[{\"@type\":\"ReadAction\",\"target\":[\"https:\/\/www.soespgraf.com\/\"]}]},{\"@type\":\"ImageObject\",\"inLanguage\":\"es\",\"@id\":\"https:\/\/www.soespgraf.com\/#primaryimage\",\"url\":\"https:\/\/www.soespgraf.com\/wp-content\/uploads\/2020\/08\/Belda-3.png\",\"contentUrl\":\"https:\/\/www.soespgraf.com\/wp-content\/uploads\/2020\/08\/Belda-3.png\",\"width\":700,\"height\":650},{\"@type\":\"BreadcrumbList\",\"@id\":\"https:\/\/www.soespgraf.com\/#breadcrumb\",\"itemListElement\":[{\"@type\":\"ListItem\",\"position\":1,\"name\":\"Home\",\"item\":\"https:\/\/www.soespgraf.com\/\"},{\"@type\":\"ListItem\",\"position\":2,\"name\":\"INICIO\"}]},{\"@type\":\"WebSite\",\"@id\":\"https:\/\/www.soespgraf.com\/#website\",\"url\":\"https:\/\/www.soespgraf.com\/\",\"name\":\"Sociedad Espa\u00f1ola de Grafolog\u00ed\u00ada\",\"description\":\"Sociedad Espa\u00f1ola de Grafolog\u00ed\u00ada\",\"publisher\":{\"@id\":\"https:\/\/www.soespgraf.com\/#organization\"},\"potentialAction\":[{\"@type\":\"SearchAction\",\"target\":{\"@type\":\"EntryPoint\",\"urlTemplate\":\"https:\/\/www.soespgraf.com\/?s={search_term_string}\"},\"query-input\":{\"@type\":\"PropertyValueSpecification\",\"valueRequired\":true,\"valueName\":\"search_term_string\"}}],\"inLanguage\":\"es\"},{\"@type\":\"Organization\",\"@id\":\"https:\/\/www.soespgraf.com\/#organization\",\"name\":\"Sociedad espa\u00f1ola de grafolog\u00eda\",\"url\":\"https:\/\/www.soespgraf.com\/\",\"logo\":{\"@type\":\"ImageObject\",\"inLanguage\":\"es\",\"@id\":\"https:\/\/www.soespgraf.com\/#\/schema\/logo\/image\/\",\"url\":\"https:\/\/www.soespgraf.com\/wp-content\/uploads\/2020\/08\/DSC02324-2.png\",\"contentUrl\":\"https:\/\/www.soespgraf.com\/wp-content\/uploads\/2020\/08\/DSC02324-2.png\",\"width\":598,\"height\":598,\"caption\":\"Sociedad espa\u00f1ola de grafolog\u00eda\"},\"image\":{\"@id\":\"https:\/\/www.soespgraf.com\/#\/schema\/logo\/image\/\"}}]}<\/script>\n<!-- \/ Yoast SEO plugin. -->","yoast_head_json":{"title":"Sociedad Espa\u00f1ola de Grafolog\u00ed\u00ada","description":"\u00bfQu\u00e9 es la grafolog\u00eda?Es una ciencia que estudia los m\u00faltiples aspectos de la personalidad por medio de la escritura. Se considera un test proyectivo natural, pero muy amplio yaque los datos psicol\u00f3gicos de la personalidad que obtenemos son m\u00faltiples yvariados, y pocos test proyectivos Grafolog\u00eda Cursos Psicolog\u00eda Ipsigrap Escritura Grafoterap\u00eda Personalidad Pericia Caligr\u00e1fica Letra Falso Firma Ol\u00f3grafo Testamento Centro Asociaci\u00f3n Xandro Test Grafozoom Mauricio","robots":{"index":"index","follow":"follow","max-snippet":"max-snippet:-1","max-image-preview":"max-image-preview:large","max-video-preview":"max-video-preview:-1"},"canonical":"https:\/\/www.soespgraf.com\/","og_locale":"es_ES","og_type":"article","og_title":"Sociedad Espa\u00f1ola de Grafolog\u00ed\u00ada","og_description":"\u00bfQu\u00e9 es la grafolog\u00eda?Es una ciencia que estudia los m\u00faltiples aspectos de la personalidad por medio de la escritura. Se considera un test proyectivo natural, pero muy amplio yaque los datos psicol\u00f3gicos de la personalidad que obtenemos son m\u00faltiples yvariados, y pocos test proyectivos Grafolog\u00eda Cursos Psicolog\u00eda Ipsigrap Escritura Grafoterap\u00eda Personalidad Pericia Caligr\u00e1fica Letra Falso Firma Ol\u00f3grafo Testamento Centro Asociaci\u00f3n Xandro Test Grafozoom Mauricio","og_url":"https:\/\/www.soespgraf.com\/","og_site_name":"Sociedad Espa\u00f1ola de Grafolog\u00ed\u00ada","article_modified_time":"2025-01-17T19:04:23+00:00","og_image":[{"width":598,"height":598,"url":"https:\/\/www.soespgraf.com\/wp-content\/uploads\/2020\/08\/DSC02324-1.png","type":"image\/png"}],"twitter_card":"summary_large_image","twitter_image":"https:\/\/www.soespgraf.com\/wp-content\/uploads\/2020\/08\/DSC02324-1.png","twitter_misc":{"Tiempo de lectura":"4 minutos"},"schema":{"@context":"https:\/\/schema.org","@graph":[{"@type":"WebPage","@id":"https:\/\/www.soespgraf.com\/","url":"https:\/\/www.soespgraf.com\/","name":"Sociedad Espa\u00f1ola de Grafolog\u00ed\u00ada","isPartOf":{"@id":"https:\/\/www.soespgraf.com\/#website"},"primaryImageOfPage":{"@id":"https:\/\/www.soespgraf.com\/#primaryimage"},"image":{"@id":"https:\/\/www.soespgraf.com\/#primaryimage"},"thumbnailUrl":"https:\/\/www.soespgraf.com\/wp-content\/uploads\/2020\/08\/Belda-3.png","datePublished":"2020-08-07T15:16:25+00:00","dateModified":"2025-01-17T19:04:23+00:00","description":"\u00bfQu\u00e9 es la grafolog\u00eda?Es una ciencia que estudia los m\u00faltiples aspectos de la personalidad por medio de la escritura. Se considera un test proyectivo natural, pero muy amplio yaque los datos psicol\u00f3gicos de la personalidad que obtenemos son m\u00faltiples yvariados, y pocos test proyectivos Grafolog\u00eda Cursos Psicolog\u00eda Ipsigrap Escritura Grafoterap\u00eda Personalidad Pericia Caligr\u00e1fica Letra Falso Firma Ol\u00f3grafo Testamento Centro Asociaci\u00f3n Xandro Test Grafozoom Mauricio","breadcrumb":{"@id":"https:\/\/www.soespgraf.com\/#breadcrumb"},"inLanguage":"es","potentialAction":[{"@type":"ReadAction","target":["https:\/\/www.soespgraf.com\/"]}]},{"@type":"ImageObject","inLanguage":"es","@id":"https:\/\/www.soespgraf.com\/#primaryimage","url":"https:\/\/www.soespgraf.com\/wp-content\/uploads\/2020\/08\/Belda-3.png","contentUrl":"https:\/\/www.soespgraf.com\/wp-content\/uploads\/2020\/08\/Belda-3.png","width":700,"height":650},{"@type":"BreadcrumbList","@id":"https:\/\/www.soespgraf.com\/#breadcrumb","itemListElement":[{"@type":"ListItem","position":1,"name":"Home","item":"https:\/\/www.soespgraf.com\/"},{"@type":"ListItem","position":2,"name":"INICIO"}]},{"@type":"WebSite","@id":"https:\/\/www.soespgraf.com\/#website","url":"https:\/\/www.soespgraf.com\/","name":"Sociedad Espa\u00f1ola de Grafolog\u00ed\u00ada","description":"Sociedad Espa\u00f1ola de Grafolog\u00ed\u00ada","publisher":{"@id":"https:\/\/www.soespgraf.com\/#organization"},"potentialAction":[{"@type":"SearchAction","target":{"@type":"EntryPoint","urlTemplate":"https:\/\/www.soespgraf.com\/?s={search_term_string}"},"query-input":{"@type":"PropertyValueSpecification","valueRequired":true,"valueName":"search_term_string"}}],"inLanguage":"es"},{"@type":"Organization","@id":"https:\/\/www.soespgraf.com\/#organization","name":"Sociedad espa\u00f1ola de grafolog\u00eda","url":"https:\/\/www.soespgraf.com\/","logo":{"@type":"ImageObject","inLanguage":"es","@id":"https:\/\/www.soespgraf.com\/#\/schema\/logo\/image\/","url":"https:\/\/www.soespgraf.com\/wp-content\/uploads\/2020\/08\/DSC02324-2.png","contentUrl":"https:\/\/www.soespgraf.com\/wp-content\/uploads\/2020\/08\/DSC02324-2.png","width":598,"height":598,"caption":"Sociedad espa\u00f1ola de grafolog\u00eda"},"image":{"@id":"https:\/\/www.soespgraf.com\/#\/schema\/logo\/image\/"}}]}},"_links":{"self":[{"href":"https:\/\/www.soespgraf.com\/index.php?rest_route=\/wp\/v2\/pages\/140","targetHints":{"allow":["GET"]}}],"collection":[{"href":"https:\/\/www.soespgraf.com\/index.php?rest_route=\/wp\/v2\/pages"}],"about":[{"href":"https:\/\/www.soespgraf.com\/index.php?rest_route=\/wp\/v2\/types\/page"}],"author":[{"embeddable":true,"href":"https:\/\/www.soespgraf.com\/index.php?rest_route=\/wp\/v2\/users\/1"}],"replies":[{"embeddable":true,"href":"https:\/\/www.soespgraf.com\/index.php?rest_route=%2Fwp%2Fv2%2Fcomments&post=140"}],"version-history":[{"count":56,"href":"https:\/\/www.soespgraf.com\/index.php?rest_route=\/wp\/v2\/pages\/140\/revisions"}],"predecessor-version":[{"id":1126,"href":"https:\/\/www.soespgraf.com\/index.php?rest_route=\/wp\/v2\/pages\/140\/revisions\/1126"}],"wp:attachment":[{"href":"https:\/\/www.soespgraf.com\/index.php?rest_route=%2Fwp%2Fv2%2Fmedia&parent=140"}],"curies":[{"name":"wp","href":"https:\/\/api.w.org\/{rel}","templated":true}]}}