{"id":302,"date":"2020-08-08T15:47:50","date_gmt":"2020-08-08T15:47:50","guid":{"rendered":"http:\/\/www.soespgraf.com\/?page_id=302"},"modified":"2020-08-11T22:08:15","modified_gmt":"2020-08-11T22:08:15","slug":"servicios-grafologicos","status":"publish","type":"page","link":"https:\/\/www.soespgraf.com\/?page_id=302","title":{"rendered":"SERVICIOS GRAFOL\u00d3GICOS"},"content":{"rendered":"<div class=\"wp-block-coblocks-social wp-block-coblocks-social-profiles is-style-mask alignwide has-text-align-center has-colors\"><ul><li><a href=\"https:\/\/es-la.facebook.com\/soespgraf\/\" title=\"Facebook\" class=\"wp-block-button__link wp-block-coblocks-social__button wp-block-coblocks-social__button--facebook has-padding\" style=\"border-radius:40px\"><span class=\"wp-block-coblocks-social__icon\" style=\"height:22px;width:22px\"><\/span><span class=\"wp-block-coblocks-social__text\">Facebook<\/span><\/a><\/li><li><a href=\"https:\/\/twitter.com\/cbelgar?lang=es\" title=\"Twitter\" class=\"wp-block-button__link wp-block-coblocks-social__button wp-block-coblocks-social__button--twitter has-padding\" style=\"border-radius:40px\"><span class=\"wp-block-coblocks-social__icon\" style=\"height:22px;width:22px\"><\/span><span class=\"wp-block-coblocks-social__text\">Twitter<\/span><\/a><\/li><li><a href=\"https:\/\/www.pinterest.es\/pin\/647955465121531317\/\" title=\"Pinterest\" class=\"wp-block-button__link wp-block-coblocks-social__button wp-block-coblocks-social__button--pinterest has-padding\" style=\"border-radius:40px\"><span class=\"wp-block-coblocks-social__icon\" style=\"height:22px;width:22px\"><\/span><span class=\"wp-block-coblocks-social__text\">Pinterest<\/span><\/a><\/li><li><a href=\"https:\/\/es.linkedin.com\/in\/juan-carlos-belda-garc%C3%ADa-fresca-94785b23\" title=\"LinkedIn\" class=\"wp-block-button__link wp-block-coblocks-social__button wp-block-coblocks-social__button--linkedin has-padding\" style=\"border-radius:40px\"><span class=\"wp-block-coblocks-social__icon\" style=\"height:22px;width:22px\"><\/span><span class=\"wp-block-coblocks-social__text\">LinkedIn<\/span><\/a><\/li><\/ul><\/div>\n\n\n<h2 class=\"has-text-align-center wp-block-heading\"><strong>SERVICIOS GRAFOL\u00d3GICOS<\/strong><\/h2>\n\n\n\n<p style=\"color:#0a0a0a\" class=\"has-text-color\"><strong>REEDUCACI\u00d3N GRAFICA:<\/strong> Otra de las actividades que se vienen realizando en la sociedad es la terapia gr\u00e1fica, tanto para adultos como para ni\u00f1os. Es un tipo de terapia innovadora y de total seriedad, siendo los resultados muy buenos. Consiste en cambiar algunos rasgos negativos en la escritura para poder cambiar problemas de comportamiento.<\/p>\n\n\n\n<p style=\"color:#0c0c0c\" class=\"has-text-color\"><strong>SELECCI\u00d3N DE PERSONAL: <\/strong>A trav\u00e9s de la escritura podemos llegar a conocer al candidato id\u00f3neo para el puesto requerido por las empresas. Llevamos a cabo selecciones completas, as\u00ed como informes privados de personalidad, con el orientar sobre un candidato concreto.<\/p>\n\n\n\n<p style=\"color:#080808\" class=\"has-text-color\"><strong>INFORMES PRIVADOS DE PERSONALIDAD:<\/strong> se realizan informes personales, con el fin de dar a conocer a la persona sus aspectos positivos y negativos para que se puedan conocer m\u00e1s profundamente. Tambi\u00e9n se hacen estudios de compaginaci\u00f3n de parejas, as\u00ed como de ni\u00f1os, de dibujo y escritura.<\/p>\n\n\n\n<p style=\"color:#080808\" class=\"has-text-color\"><strong>PERICIA CALIGR\u00c1FICA JUDICIAL:<\/strong> de forma personalizada, se realizan todo tipo de informes periciales, tanto a personas privadas como a los tribunales de justicia, abogados, procuradores&#8230;<\/p>\n\n\n\n<p style=\"color:#050505\" class=\"has-text-color\"><strong>OBRAS DE ARTE: <\/strong>autentificaci\u00f3n de firmas en obras de arte, siendo el Profesor Belda especialista en diversos pintores: Picasso, Matisse, Modigliani&#8230;<\/p>\n\n\n\n<h6 class=\"wp-block-heading\">Si lo desea p\u00f3ngase en contacto con nosotros a trav\u00e9s de nuestro formulario y le atenderemos con la m\u00e1xima premura<\/h6>\n\n\n\n<div class=\"wp-block-buttons aligncenter is-layout-flex wp-block-buttons-is-layout-flex\">\n<div class=\"wp-block-button\"><a class=\"wp-block-button__link\" href=\"https:\/\/www.soespgraf.com\/?page_id=11\">Contacta con nosotros<\/a><\/div>\n<\/div>\n\n\n\n<p><\/p>\n","protected":false},"excerpt":{"rendered":"<p>SERVICIOS GRAFOL\u00d3GICOS REEDUCACI\u00d3N GRAFICA: Otra de las actividades que se vienen realizando en la sociedad es la terapia gr\u00e1fica, tanto para adultos como para ni\u00f1os. Es un tipo de terapia innovadora y de total seriedad, siendo los resultados muy buenos. Consiste en cambiar algunos rasgos negativos en la escritura para poder cambiar problemas de comportamiento. [&hellip;]<\/p>\n","protected":false},"author":1,"featured_media":0,"parent":0,"menu_order":0,"comment_status":"closed","ping_status":"closed","template":"","meta":{"_coblocks_attr":"","_coblocks_dimensions":"","_coblocks_responsive_height":"","_coblocks_accordion_ie_support":"","hide_page_title":"","footnotes":""},"class_list":["post-302","page","type-page","status-publish","hentry"],"yoast_head":"<!-- This site is optimized with the Yoast SEO plugin v25.6 - https:\/\/yoast.com\/wordpress\/plugins\/seo\/ -->\n<title>Sociedad Espa\u00f1ola de Grafolog\u00ed\u00ada<\/title>\n<meta name=\"description\" content=\"Somos un grupo de expertos cal\u00edgrafos titulados que trabaja para los Juzgados desde hace a\u00f1os, que nos hemos unido para ofrecer el mejor servicio con la mejor tecnolog\u00eda.\" \/>\n<meta name=\"robots\" content=\"index, follow, max-snippet:-1, max-image-preview:large, max-video-preview:-1\" \/>\n<link rel=\"canonical\" href=\"https:\/\/www.soespgraf.com\/?page_id=302\" \/>\n<meta property=\"og:locale\" content=\"es_ES\" \/>\n<meta property=\"og:type\" content=\"article\" \/>\n<meta property=\"og:title\" content=\"Sociedad Espa\u00f1ola de Grafolog\u00ed\u00ada\" \/>\n<meta property=\"og:description\" content=\"Somos un grupo de expertos cal\u00edgrafos titulados que trabaja para los Juzgados desde hace a\u00f1os, que nos hemos unido para ofrecer el mejor servicio con la mejor tecnolog\u00eda.\" \/>\n<meta property=\"og:url\" content=\"https:\/\/www.soespgraf.com\/?page_id=302\" \/>\n<meta property=\"og:site_name\" content=\"Sociedad Espa\u00f1ola de Grafolog\u00ed\u00ada\" \/>\n<meta property=\"article:modified_time\" content=\"2020-08-11T22:08:15+00:00\" \/>\n<meta name=\"twitter:card\" content=\"summary_large_image\" \/>\n<meta name=\"twitter:label1\" content=\"Tiempo de lectura\" \/>\n\t<meta name=\"twitter:data1\" content=\"1 minuto\" \/>\n<script type=\"application\/ld+json\" class=\"yoast-schema-graph\">{\"@context\":\"https:\/\/schema.org\",\"@graph\":[{\"@type\":\"WebPage\",\"@id\":\"https:\/\/www.soespgraf.com\/?page_id=302\",\"url\":\"https:\/\/www.soespgraf.com\/?page_id=302\",\"name\":\"Sociedad Espa\u00f1ola de Grafolog\u00ed\u00ada\",\"isPartOf\":{\"@id\":\"https:\/\/www.soespgraf.com\/#website\"},\"datePublished\":\"2020-08-08T15:47:50+00:00\",\"dateModified\":\"2020-08-11T22:08:15+00:00\",\"description\":\"Somos un grupo de expertos cal\u00edgrafos titulados que trabaja para los Juzgados desde hace a\u00f1os, que nos hemos unido para ofrecer el mejor servicio con la mejor tecnolog\u00eda.\",\"breadcrumb\":{\"@id\":\"https:\/\/www.soespgraf.com\/?page_id=302#breadcrumb\"},\"inLanguage\":\"es\",\"potentialAction\":[{\"@type\":\"ReadAction\",\"target\":[\"https:\/\/www.soespgraf.com\/?page_id=302\"]}]},{\"@type\":\"BreadcrumbList\",\"@id\":\"https:\/\/www.soespgraf.com\/?page_id=302#breadcrumb\",\"itemListElement\":[{\"@type\":\"ListItem\",\"position\":1,\"name\":\"Home\",\"item\":\"https:\/\/www.soespgraf.com\/\"},{\"@type\":\"ListItem\",\"position\":2,\"name\":\"SERVICIOS GRAFOL\u00d3GICOS\"}]},{\"@type\":\"WebSite\",\"@id\":\"https:\/\/www.soespgraf.com\/#website\",\"url\":\"https:\/\/www.soespgraf.com\/\",\"name\":\"Sociedad Espa\u00f1ola de Grafolog\u00ed\u00ada\",\"description\":\"Sociedad Espa\u00f1ola de Grafolog\u00ed\u00ada\",\"publisher\":{\"@id\":\"https:\/\/www.soespgraf.com\/#organization\"},\"potentialAction\":[{\"@type\":\"SearchAction\",\"target\":{\"@type\":\"EntryPoint\",\"urlTemplate\":\"https:\/\/www.soespgraf.com\/?s={search_term_string}\"},\"query-input\":{\"@type\":\"PropertyValueSpecification\",\"valueRequired\":true,\"valueName\":\"search_term_string\"}}],\"inLanguage\":\"es\"},{\"@type\":\"Organization\",\"@id\":\"https:\/\/www.soespgraf.com\/#organization\",\"name\":\"Sociedad espa\u00f1ola de grafolog\u00eda\",\"url\":\"https:\/\/www.soespgraf.com\/\",\"logo\":{\"@type\":\"ImageObject\",\"inLanguage\":\"es\",\"@id\":\"https:\/\/www.soespgraf.com\/#\/schema\/logo\/image\/\",\"url\":\"https:\/\/www.soespgraf.com\/wp-content\/uploads\/2020\/08\/DSC02324-2.png\",\"contentUrl\":\"https:\/\/www.soespgraf.com\/wp-content\/uploads\/2020\/08\/DSC02324-2.png\",\"width\":598,\"height\":598,\"caption\":\"Sociedad espa\u00f1ola de grafolog\u00eda\"},\"image\":{\"@id\":\"https:\/\/www.soespgraf.com\/#\/schema\/logo\/image\/\"}}]}<\/script>\n<!-- \/ Yoast SEO plugin. -->","yoast_head_json":{"title":"Sociedad Espa\u00f1ola de Grafolog\u00ed\u00ada","description":"Somos un grupo de expertos cal\u00edgrafos titulados que trabaja para los Juzgados desde hace a\u00f1os, que nos hemos unido para ofrecer el mejor servicio con la mejor tecnolog\u00eda.","robots":{"index":"index","follow":"follow","max-snippet":"max-snippet:-1","max-image-preview":"max-image-preview:large","max-video-preview":"max-video-preview:-1"},"canonical":"https:\/\/www.soespgraf.com\/?page_id=302","og_locale":"es_ES","og_type":"article","og_title":"Sociedad Espa\u00f1ola de Grafolog\u00ed\u00ada","og_description":"Somos un grupo de expertos cal\u00edgrafos titulados que trabaja para los Juzgados desde hace a\u00f1os, que nos hemos unido para ofrecer el mejor servicio con la mejor tecnolog\u00eda.","og_url":"https:\/\/www.soespgraf.com\/?page_id=302","og_site_name":"Sociedad Espa\u00f1ola de Grafolog\u00ed\u00ada","article_modified_time":"2020-08-11T22:08:15+00:00","twitter_card":"summary_large_image","twitter_misc":{"Tiempo de lectura":"1 minuto"},"schema":{"@context":"https:\/\/schema.org","@graph":[{"@type":"WebPage","@id":"https:\/\/www.soespgraf.com\/?page_id=302","url":"https:\/\/www.soespgraf.com\/?page_id=302","name":"Sociedad Espa\u00f1ola de Grafolog\u00ed\u00ada","isPartOf":{"@id":"https:\/\/www.soespgraf.com\/#website"},"datePublished":"2020-08-08T15:47:50+00:00","dateModified":"2020-08-11T22:08:15+00:00","description":"Somos un grupo de expertos cal\u00edgrafos titulados que trabaja para los Juzgados desde hace a\u00f1os, que nos hemos unido para ofrecer el mejor servicio con la mejor tecnolog\u00eda.","breadcrumb":{"@id":"https:\/\/www.soespgraf.com\/?page_id=302#breadcrumb"},"inLanguage":"es","potentialAction":[{"@type":"ReadAction","target":["https:\/\/www.soespgraf.com\/?page_id=302"]}]},{"@type":"BreadcrumbList","@id":"https:\/\/www.soespgraf.com\/?page_id=302#breadcrumb","itemListElement":[{"@type":"ListItem","position":1,"name":"Home","item":"https:\/\/www.soespgraf.com\/"},{"@type":"ListItem","position":2,"name":"SERVICIOS GRAFOL\u00d3GICOS"}]},{"@type":"WebSite","@id":"https:\/\/www.soespgraf.com\/#website","url":"https:\/\/www.soespgraf.com\/","name":"Sociedad Espa\u00f1ola de Grafolog\u00ed\u00ada","description":"Sociedad Espa\u00f1ola de Grafolog\u00ed\u00ada","publisher":{"@id":"https:\/\/www.soespgraf.com\/#organization"},"potentialAction":[{"@type":"SearchAction","target":{"@type":"EntryPoint","urlTemplate":"https:\/\/www.soespgraf.com\/?s={search_term_string}"},"query-input":{"@type":"PropertyValueSpecification","valueRequired":true,"valueName":"search_term_string"}}],"inLanguage":"es"},{"@type":"Organization","@id":"https:\/\/www.soespgraf.com\/#organization","name":"Sociedad espa\u00f1ola de grafolog\u00eda","url":"https:\/\/www.soespgraf.com\/","logo":{"@type":"ImageObject","inLanguage":"es","@id":"https:\/\/www.soespgraf.com\/#\/schema\/logo\/image\/","url":"https:\/\/www.soespgraf.com\/wp-content\/uploads\/2020\/08\/DSC02324-2.png","contentUrl":"https:\/\/www.soespgraf.com\/wp-content\/uploads\/2020\/08\/DSC02324-2.png","width":598,"height":598,"caption":"Sociedad espa\u00f1ola de grafolog\u00eda"},"image":{"@id":"https:\/\/www.soespgraf.com\/#\/schema\/logo\/image\/"}}]}},"_links":{"self":[{"href":"https:\/\/www.soespgraf.com\/index.php?rest_route=\/wp\/v2\/pages\/302","targetHints":{"allow":["GET"]}}],"collection":[{"href":"https:\/\/www.soespgraf.com\/index.php?rest_route=\/wp\/v2\/pages"}],"about":[{"href":"https:\/\/www.soespgraf.com\/index.php?rest_route=\/wp\/v2\/types\/page"}],"author":[{"embeddable":true,"href":"https:\/\/www.soespgraf.com\/index.php?rest_route=\/wp\/v2\/users\/1"}],"replies":[{"embeddable":true,"href":"https:\/\/www.soespgraf.com\/index.php?rest_route=%2Fwp%2Fv2%2Fcomments&post=302"}],"version-history":[{"count":11,"href":"https:\/\/www.soespgraf.com\/index.php?rest_route=\/wp\/v2\/pages\/302\/revisions"}],"predecessor-version":[{"id":475,"href":"https:\/\/www.soespgraf.com\/index.php?rest_route=\/wp\/v2\/pages\/302\/revisions\/475"}],"wp:attachment":[{"href":"https:\/\/www.soespgraf.com\/index.php?rest_route=%2Fwp%2Fv2%2Fmedia&parent=302"}],"curies":[{"name":"wp","href":"https:\/\/api.w.org\/{rel}","templated":true}]}}