{"id":5,"date":"2020-08-07T00:00:56","date_gmt":"2020-08-07T00:00:56","guid":{"rendered":"http:\/\/www.soespgraf.com\/?page_id=5"},"modified":"2020-08-11T22:33:05","modified_gmt":"2020-08-11T22:33:05","slug":"politica-de-privacidad","status":"publish","type":"page","link":"https:\/\/www.soespgraf.com\/?page_id=5","title":{"rendered":"Pol\u00edtica de privacidad"},"content":{"rendered":"\n<h2 class=\"wp-block-heading\"><strong>Protecci\u00f3n de Datos de Car\u00e1cter Personal seg\u00fan la LOPD:<\/strong><\/h2>\n\n\n\n<p>En aplicaci\u00f3n de la normativa vigente en materia de protecci\u00f3n de datos de car\u00e1cter personal, informa que los datos personales que se recogen a trav\u00e9s de los formularios del sitio Web: <a href=\"http:\/\/www.soespgraf.com\/\">soespgraf.com<\/a>, tienen como finalidad el mantenimiento de la relaci\u00f3n profesional y el desempe\u00f1o de tareas de informaci\u00f3n y asesoramiento. Estos datos no ser\u00e1n cedidos a terceros ajenos a la relaci\u00f3n profesional o intervinientes en el encargo solicitado, sin autorizaci\u00f3n previa del usuario. Se informa que los datos facilitados pudieran ser incorporados a bases de datos propias o ficheros de datos personales espec\u00edficos de clientes de los servicios prestados, en caso de existencia de los mismos.<\/p>\n\n\n\n<p><strong><em>Sociedad espa\u00f1ola de grafolog\u00eda<\/em><\/strong> adopta las medidas necesarias para garantizar la seguridad, integridad y confidencialidad de los datos facilitados conforme a lo dispuesto en el Reglamento del Parlamento Europeo y del Consejo (UE) 2016\/679 de 27 de abril de 2016, relativo a la protecci\u00f3n de las personas f\u00edsicas en lo que respecta al tratamiento de datos personales y a la libre circulaci\u00f3n de los mismos y la Ley Org\u00e1nica 3\/2018, de 5 de diciembre, de Protecci\u00f3n de Datos Personales y garant\u00eda de los derechos digitales, que lo adapta al \u00e1mbito nacional espa\u00f1ol. El usuario podr\u00e1 en cualquier momento ejercitar ante el responsable del Tratamiento de los Datos, Sociedad espa\u00f1ola de grafolog\u00eda, ejercer derechos de acceso, oposici\u00f3n, rectificaci\u00f3n y cancelaci\u00f3n reconocidos en el citado Reglamento (UE) y en la normativa interna. El ejercicio de estos derechos podr\u00e1 realizarlo el propio usuario a trav\u00e9s del siguiente e-mail mediante el correo: soespgraf@gmail.com o en forma presencial en la sede ubicada Av. del Mediterr\u00e1neo, 18, Bajo C, 28007 Madrid, Espa\u00f1a. En todo caso, el usuario, tras acreditar su identidad, podr\u00e1 solicitar que no se le haga llegar m\u00e1s informaci\u00f3n comercial ni profesional a trav\u00e9s de los canales establecidos anteriormente para ello.<\/p>\n\n\n\n<p><strong>Trataremos sus datos personales recabados a trav\u00e9s del Sitio Web: <a rel=\"noreferrer noopener\" href=\"http:\/\/soespgraf.com\/\" target=\"_blank\">soespgraf.com<\/a> con las siguientes Finalidades:<\/strong><\/p>\n\n\n\n<p><strong>1.<\/strong> En caso de contrataci\u00f3n de los servicios ofertados, y en las relaciones previas a estos, para mantener la relaci\u00f3n contractual, as\u00ed como la gesti\u00f3n, administraci\u00f3n, informaci\u00f3n, prestaci\u00f3n y mejora del servicio.<\/p>\n\n\n\n<p><strong>2. <\/strong>Env\u00edo de informaci\u00f3n solicitada a trav\u00e9s de los formularios dispuestos. Le recordamos que puede oponerse al env\u00edo de comunicaciones comerciales por cualquier v\u00eda de las aqu\u00ed descritas y en cualquier momento, ya sea remitiendo un correo electr\u00f3nico a la direcci\u00f3n indicada con anterioridad o de igual modo, a la direcci\u00f3n postal tambi\u00e9n referida.<\/p>\n\n\n\n<p>Los campos requeridos en el formulario son de cumplimentaci\u00f3n obligatoria, siendo imposible realizar las finalidades expresadas si no se aportan dichos datos debidamente. Los datos personales proporcionados se conservar\u00e1n mientras se mantenga la relaci\u00f3n profesional o no se solicite su supresi\u00f3n, as\u00ed como durante el plazo por el cu\u00e1l pudieran derivarse responsabilidades legales por los servicios prestados.<\/p>\n\n\n\n<p>En caso de que no nos facilite sus datos, o lo haga de un modo err\u00f3neo o incorrecto, su solicitud no podr\u00e1 ser atendida, resultando del todo imposible proporcionarle la informaci\u00f3n solicitada o llevar a cabo la contrataci\u00f3n de los servicios.<\/p>\n\n\n\n<p><strong>Legitimaci\u00f3n: El tratamiento de sus datos se realiza con las siguientes bases jur\u00eddicas que legitiman el mismo:<\/strong><\/p>\n\n\n\n<p><strong>1.<\/strong> La solicitud de informaci\u00f3n y\/o la contrataci\u00f3n de los servicios de <strong><em>Sociedad espa\u00f1ola de grafolog\u00eda<\/em><\/strong><em>,<\/em>, cuyos t\u00e9rminos y condiciones se pondr\u00e1n a su disposici\u00f3n, en todo caso, de forma previa a una eventual contrataci\u00f3n.<\/p>\n\n\n\n<p><strong>2.<\/strong> El consentimiento libre, especifico, informado e inequ\u00edvoco, en tanto que se le informa poniendo a su disposici\u00f3n la presente Pol\u00edtica de Privacidad, que tras la lectura de esta, y en caso de estar conforme con la misma, puede aceptarla mediante una clara acci\u00f3n afirmativa, que no es m\u00e1s que una declaraci\u00f3n manifiesta de su aceptaci\u00f3n, con el marcado de la casilla dispuesta al efecto en el formulario.<\/p>\n\n\n\n<p><strong>Destinatarios: <\/strong>Los datos facilitados ser\u00e1n destinados \u00fanicamente al mantenimiento de la relaci\u00f3n profesional y el desempe\u00f1o de tareas de informaci\u00f3n y asesoramiento relacionados con ella. Estos datos no ser\u00e1n cedidos a terceros ajenos a la relaci\u00f3n profesional o intervinientes en el encargo solicitado, sin autorizaci\u00f3n previa del usuario, salvo obligaci\u00f3n legal o judicial para ello.<\/p>\n\n\n\n<p>Se informa de que, nuestro proveedor de servicios electr\u00f3nicos como prestador de servicio de alojamiento de datos y en virtud de lo establecido en la Ley 34\/2002 de 11 de julio de Servicios de la Sociedad de la Informaci\u00f3n y de Comercio Electr\u00f3nico (LSSI), retiene por un periodo de 12 meses la informaci\u00f3n imprescindible para identificar el origen de los datos alojados y el momento en que se inici\u00f3 la prestaci\u00f3n del servicio. La retenci\u00f3n de estos datos no afecta al secreto de las comunicaciones y s\u00f3lo podr\u00e1n ser utilizados en el marco de una investigaci\u00f3n criminal o para la salvaguarda de la Seguridad P\u00fablica, poni\u00e9ndose a disposici\u00f3n de los Jueces y\/o Tribunales, o del Ministerio que as\u00ed los requiera. La comunicaci\u00f3n de datos a las Fuerzas y Cuerpos del Estado se har\u00e1 en virtud a lo dispuesto en la normativa sobre protecci\u00f3n de datos personales a tales efectos.<\/p>\n\n\n\n<div class=\"wp-block-buttons aligncenter is-layout-flex wp-block-buttons-is-layout-flex\">\n<div class=\"wp-block-button is-style-circular\"><a class=\"wp-block-button__link\" onclick=\"window.close ()\">CERRAR<\/a><\/div>\n<\/div>\n\n\n\n<div class=\"wp-block-buttons aligncenter is-layout-flex wp-block-buttons-is-layout-flex\"><\/div>\n","protected":false},"excerpt":{"rendered":"<p>Protecci\u00f3n de Datos de Car\u00e1cter Personal seg\u00fan la LOPD: En aplicaci\u00f3n de la normativa vigente en materia de protecci\u00f3n de datos de car\u00e1cter personal, informa que los datos personales que se recogen a trav\u00e9s de los formularios del sitio Web: soespgraf.com, tienen como finalidad el mantenimiento de la relaci\u00f3n profesional y el desempe\u00f1o de tareas [&hellip;]<\/p>\n","protected":false},"author":1,"featured_media":0,"parent":0,"menu_order":0,"comment_status":"closed","ping_status":"closed","template":"","meta":{"_coblocks_attr":"","_coblocks_dimensions":"","_coblocks_responsive_height":"","_coblocks_accordion_ie_support":"","hide_page_title":"","footnotes":""},"class_list":["post-5","page","type-page","status-publish","hentry"],"yoast_head":"<!-- This site is optimized with the Yoast SEO plugin v25.6 - https:\/\/yoast.com\/wordpress\/plugins\/seo\/ -->\n<title>Sociedad Espa\u00f1ola de Grafolog\u00ed\u00ada<\/title>\n<meta name=\"description\" content=\"SOCIEDAD ESPA\u00d1OLA DE GRAFOLOG\u00cdA, SOESPOGRAF, les ofrece la m\u00e1xima confidencialidad en el tratamiento de sus datos.\" \/>\n<meta name=\"robots\" content=\"index, follow, max-snippet:-1, max-image-preview:large, max-video-preview:-1\" \/>\n<link rel=\"canonical\" href=\"https:\/\/www.soespgraf.com\/?page_id=5\" \/>\n<meta property=\"og:locale\" content=\"es_ES\" \/>\n<meta property=\"og:type\" content=\"article\" \/>\n<meta property=\"og:title\" content=\"Sociedad Espa\u00f1ola de Grafolog\u00ed\u00ada\" \/>\n<meta property=\"og:description\" content=\"SOCIEDAD ESPA\u00d1OLA DE GRAFOLOG\u00cdA, SOESPOGRAF, les ofrece la m\u00e1xima confidencialidad en el tratamiento de sus datos.\" \/>\n<meta property=\"og:url\" content=\"https:\/\/www.soespgraf.com\/?page_id=5\" \/>\n<meta property=\"og:site_name\" content=\"Sociedad Espa\u00f1ola de Grafolog\u00ed\u00ada\" \/>\n<meta property=\"article:modified_time\" content=\"2020-08-11T22:33:05+00:00\" \/>\n<meta name=\"twitter:card\" content=\"summary_large_image\" \/>\n<meta name=\"twitter:label1\" content=\"Tiempo de lectura\" \/>\n\t<meta name=\"twitter:data1\" content=\"5 minutos\" \/>\n<script type=\"application\/ld+json\" class=\"yoast-schema-graph\">{\"@context\":\"https:\/\/schema.org\",\"@graph\":[{\"@type\":\"WebPage\",\"@id\":\"https:\/\/www.soespgraf.com\/?page_id=5\",\"url\":\"https:\/\/www.soespgraf.com\/?page_id=5\",\"name\":\"Sociedad Espa\u00f1ola de Grafolog\u00ed\u00ada\",\"isPartOf\":{\"@id\":\"https:\/\/www.soespgraf.com\/#website\"},\"datePublished\":\"2020-08-07T00:00:56+00:00\",\"dateModified\":\"2020-08-11T22:33:05+00:00\",\"description\":\"SOCIEDAD ESPA\u00d1OLA DE GRAFOLOG\u00cdA, SOESPOGRAF, les ofrece la m\u00e1xima confidencialidad en el tratamiento de sus datos.\",\"breadcrumb\":{\"@id\":\"https:\/\/www.soespgraf.com\/?page_id=5#breadcrumb\"},\"inLanguage\":\"es\",\"potentialAction\":[{\"@type\":\"ReadAction\",\"target\":[\"https:\/\/www.soespgraf.com\/?page_id=5\"]}]},{\"@type\":\"BreadcrumbList\",\"@id\":\"https:\/\/www.soespgraf.com\/?page_id=5#breadcrumb\",\"itemListElement\":[{\"@type\":\"ListItem\",\"position\":1,\"name\":\"Home\",\"item\":\"https:\/\/www.soespgraf.com\/\"},{\"@type\":\"ListItem\",\"position\":2,\"name\":\"Pol\u00edtica de privacidad\"}]},{\"@type\":\"WebSite\",\"@id\":\"https:\/\/www.soespgraf.com\/#website\",\"url\":\"https:\/\/www.soespgraf.com\/\",\"name\":\"Sociedad Espa\u00f1ola de Grafolog\u00ed\u00ada\",\"description\":\"Sociedad Espa\u00f1ola de Grafolog\u00ed\u00ada\",\"publisher\":{\"@id\":\"https:\/\/www.soespgraf.com\/#organization\"},\"potentialAction\":[{\"@type\":\"SearchAction\",\"target\":{\"@type\":\"EntryPoint\",\"urlTemplate\":\"https:\/\/www.soespgraf.com\/?s={search_term_string}\"},\"query-input\":{\"@type\":\"PropertyValueSpecification\",\"valueRequired\":true,\"valueName\":\"search_term_string\"}}],\"inLanguage\":\"es\"},{\"@type\":\"Organization\",\"@id\":\"https:\/\/www.soespgraf.com\/#organization\",\"name\":\"Sociedad espa\u00f1ola de grafolog\u00eda\",\"url\":\"https:\/\/www.soespgraf.com\/\",\"logo\":{\"@type\":\"ImageObject\",\"inLanguage\":\"es\",\"@id\":\"https:\/\/www.soespgraf.com\/#\/schema\/logo\/image\/\",\"url\":\"https:\/\/www.soespgraf.com\/wp-content\/uploads\/2020\/08\/DSC02324-2.png\",\"contentUrl\":\"https:\/\/www.soespgraf.com\/wp-content\/uploads\/2020\/08\/DSC02324-2.png\",\"width\":598,\"height\":598,\"caption\":\"Sociedad espa\u00f1ola de grafolog\u00eda\"},\"image\":{\"@id\":\"https:\/\/www.soespgraf.com\/#\/schema\/logo\/image\/\"}}]}<\/script>\n<!-- \/ Yoast SEO plugin. -->","yoast_head_json":{"title":"Sociedad Espa\u00f1ola de Grafolog\u00ed\u00ada","description":"SOCIEDAD ESPA\u00d1OLA DE GRAFOLOG\u00cdA, SOESPOGRAF, les ofrece la m\u00e1xima confidencialidad en el tratamiento de sus datos.","robots":{"index":"index","follow":"follow","max-snippet":"max-snippet:-1","max-image-preview":"max-image-preview:large","max-video-preview":"max-video-preview:-1"},"canonical":"https:\/\/www.soespgraf.com\/?page_id=5","og_locale":"es_ES","og_type":"article","og_title":"Sociedad Espa\u00f1ola de Grafolog\u00ed\u00ada","og_description":"SOCIEDAD ESPA\u00d1OLA DE GRAFOLOG\u00cdA, SOESPOGRAF, les ofrece la m\u00e1xima confidencialidad en el tratamiento de sus datos.","og_url":"https:\/\/www.soespgraf.com\/?page_id=5","og_site_name":"Sociedad Espa\u00f1ola de Grafolog\u00ed\u00ada","article_modified_time":"2020-08-11T22:33:05+00:00","twitter_card":"summary_large_image","twitter_misc":{"Tiempo de lectura":"5 minutos"},"schema":{"@context":"https:\/\/schema.org","@graph":[{"@type":"WebPage","@id":"https:\/\/www.soespgraf.com\/?page_id=5","url":"https:\/\/www.soespgraf.com\/?page_id=5","name":"Sociedad Espa\u00f1ola de Grafolog\u00ed\u00ada","isPartOf":{"@id":"https:\/\/www.soespgraf.com\/#website"},"datePublished":"2020-08-07T00:00:56+00:00","dateModified":"2020-08-11T22:33:05+00:00","description":"SOCIEDAD ESPA\u00d1OLA DE GRAFOLOG\u00cdA, SOESPOGRAF, les ofrece la m\u00e1xima confidencialidad en el tratamiento de sus datos.","breadcrumb":{"@id":"https:\/\/www.soespgraf.com\/?page_id=5#breadcrumb"},"inLanguage":"es","potentialAction":[{"@type":"ReadAction","target":["https:\/\/www.soespgraf.com\/?page_id=5"]}]},{"@type":"BreadcrumbList","@id":"https:\/\/www.soespgraf.com\/?page_id=5#breadcrumb","itemListElement":[{"@type":"ListItem","position":1,"name":"Home","item":"https:\/\/www.soespgraf.com\/"},{"@type":"ListItem","position":2,"name":"Pol\u00edtica de privacidad"}]},{"@type":"WebSite","@id":"https:\/\/www.soespgraf.com\/#website","url":"https:\/\/www.soespgraf.com\/","name":"Sociedad Espa\u00f1ola de Grafolog\u00ed\u00ada","description":"Sociedad Espa\u00f1ola de Grafolog\u00ed\u00ada","publisher":{"@id":"https:\/\/www.soespgraf.com\/#organization"},"potentialAction":[{"@type":"SearchAction","target":{"@type":"EntryPoint","urlTemplate":"https:\/\/www.soespgraf.com\/?s={search_term_string}"},"query-input":{"@type":"PropertyValueSpecification","valueRequired":true,"valueName":"search_term_string"}}],"inLanguage":"es"},{"@type":"Organization","@id":"https:\/\/www.soespgraf.com\/#organization","name":"Sociedad espa\u00f1ola de grafolog\u00eda","url":"https:\/\/www.soespgraf.com\/","logo":{"@type":"ImageObject","inLanguage":"es","@id":"https:\/\/www.soespgraf.com\/#\/schema\/logo\/image\/","url":"https:\/\/www.soespgraf.com\/wp-content\/uploads\/2020\/08\/DSC02324-2.png","contentUrl":"https:\/\/www.soespgraf.com\/wp-content\/uploads\/2020\/08\/DSC02324-2.png","width":598,"height":598,"caption":"Sociedad espa\u00f1ola de grafolog\u00eda"},"image":{"@id":"https:\/\/www.soespgraf.com\/#\/schema\/logo\/image\/"}}]}},"_links":{"self":[{"href":"https:\/\/www.soespgraf.com\/index.php?rest_route=\/wp\/v2\/pages\/5","targetHints":{"allow":["GET"]}}],"collection":[{"href":"https:\/\/www.soespgraf.com\/index.php?rest_route=\/wp\/v2\/pages"}],"about":[{"href":"https:\/\/www.soespgraf.com\/index.php?rest_route=\/wp\/v2\/types\/page"}],"author":[{"embeddable":true,"href":"https:\/\/www.soespgraf.com\/index.php?rest_route=\/wp\/v2\/users\/1"}],"replies":[{"embeddable":true,"href":"https:\/\/www.soespgraf.com\/index.php?rest_route=%2Fwp%2Fv2%2Fcomments&post=5"}],"version-history":[{"count":10,"href":"https:\/\/www.soespgraf.com\/index.php?rest_route=\/wp\/v2\/pages\/5\/revisions"}],"predecessor-version":[{"id":431,"href":"https:\/\/www.soespgraf.com\/index.php?rest_route=\/wp\/v2\/pages\/5\/revisions\/431"}],"wp:attachment":[{"href":"https:\/\/www.soespgraf.com\/index.php?rest_route=%2Fwp%2Fv2%2Fmedia&parent=5"}],"curies":[{"name":"wp","href":"https:\/\/api.w.org\/{rel}","templated":true}]}}