{"id":606,"date":"2020-10-23T15:45:25","date_gmt":"2020-10-23T15:45:25","guid":{"rendered":"https:\/\/www.soespgraf.com\/?page_id=606"},"modified":"2020-10-27T20:11:16","modified_gmt":"2020-10-27T20:11:16","slug":"videos-pericia-c-j","status":"publish","type":"page","link":"https:\/\/www.soespgraf.com\/?page_id=606","title":{"rendered":"VIDEOS PERICIA  C.J."},"content":{"rendered":"","protected":true},"excerpt":{"rendered":"","protected":true},"author":1,"featured_media":0,"parent":0,"menu_order":0,"comment_status":"closed","ping_status":"closed","template":"","meta":{"_coblocks_attr":"","_coblocks_dimensions":"","_coblocks_responsive_height":"","_coblocks_accordion_ie_support":"","hide_page_title":"","footnotes":""},"class_list":["post-606","page","type-page","status-publish","post-password-required","hentry"],"yoast_head":"<!-- This site is optimized with the Yoast SEO plugin v25.6 - https:\/\/yoast.com\/wordpress\/plugins\/seo\/ -->\n<title>Sociedad Espa\u00f1ola de Grafolog\u00ed\u00ada<\/title>\n<meta name=\"description\" content=\"\u00bfLe interesa saber qu\u00e9 es la grafolog\u00eda? Es una ciencia que estudia los m\u00faltiples aspectos de la personalidad por medio de la escritura. La grafolog\u00eda nos puede ayudar a conocernos a nosotros mismos as\u00ed como a las personas que nos rodean.El Sistema X\u00e1ndr\u00f3 es el resumen de 54 a\u00f1os de labor dedicada a la ense\u00f1anza hermanada con la investigaci\u00f3n.\" \/>\n<meta name=\"robots\" content=\"index, follow, max-snippet:-1, max-image-preview:large, max-video-preview:-1\" \/>\n<link rel=\"canonical\" href=\"https:\/\/www.soespgraf.com\/?page_id=606\" \/>\n<meta property=\"og:locale\" content=\"es_ES\" \/>\n<meta property=\"og:type\" content=\"article\" \/>\n<meta property=\"og:title\" content=\"Sociedad Espa\u00f1ola de Grafolog\u00ed\u00ada\" \/>\n<meta property=\"og:description\" content=\"\u00bfLe interesa saber qu\u00e9 es la grafolog\u00eda? Es una ciencia que estudia los m\u00faltiples aspectos de la personalidad por medio de la escritura. La grafolog\u00eda nos puede ayudar a conocernos a nosotros mismos as\u00ed como a las personas que nos rodean.El Sistema X\u00e1ndr\u00f3 es el resumen de 54 a\u00f1os de labor dedicada a la ense\u00f1anza hermanada con la investigaci\u00f3n.\" \/>\n<meta property=\"og:url\" content=\"https:\/\/www.soespgraf.com\/?page_id=606\" \/>\n<meta property=\"og:site_name\" content=\"Sociedad Espa\u00f1ola de Grafolog\u00ed\u00ada\" \/>\n<meta property=\"article:modified_time\" content=\"2020-10-27T20:11:16+00:00\" \/>\n<meta name=\"twitter:card\" content=\"summary_large_image\" \/>\n<script type=\"application\/ld+json\" class=\"yoast-schema-graph\">{\"@context\":\"https:\/\/schema.org\",\"@graph\":[{\"@type\":\"WebPage\",\"@id\":\"https:\/\/www.soespgraf.com\/?page_id=606\",\"url\":\"https:\/\/www.soespgraf.com\/?page_id=606\",\"name\":\"Sociedad Espa\u00f1ola de Grafolog\u00ed\u00ada\",\"isPartOf\":{\"@id\":\"https:\/\/www.soespgraf.com\/#website\"},\"datePublished\":\"2020-10-23T15:45:25+00:00\",\"dateModified\":\"2020-10-27T20:11:16+00:00\",\"breadcrumb\":{\"@id\":\"https:\/\/www.soespgraf.com\/?page_id=606#breadcrumb\"},\"inLanguage\":\"es\"},{\"@type\":\"WebSite\",\"@id\":\"https:\/\/www.soespgraf.com\/#website\",\"url\":\"https:\/\/www.soespgraf.com\/\",\"name\":\"Sociedad Espa\u00f1ola de Grafolog\u00ed\u00ada\",\"description\":\"Sociedad Espa\u00f1ola de Grafolog\u00ed\u00ada\",\"publisher\":{\"@id\":\"https:\/\/www.soespgraf.com\/#organization\"},\"potentialAction\":[{\"@type\":\"SearchAction\",\"target\":{\"@type\":\"EntryPoint\",\"urlTemplate\":\"https:\/\/www.soespgraf.com\/?s={search_term_string}\"},\"query-input\":{\"@type\":\"PropertyValueSpecification\",\"valueRequired\":true,\"valueName\":\"search_term_string\"}}],\"inLanguage\":\"es\"},{\"@type\":\"Organization\",\"@id\":\"https:\/\/www.soespgraf.com\/#organization\",\"name\":\"Sociedad espa\u00f1ola de grafolog\u00eda\",\"url\":\"https:\/\/www.soespgraf.com\/\",\"logo\":{\"@type\":\"ImageObject\",\"inLanguage\":\"es\",\"@id\":\"https:\/\/www.soespgraf.com\/#\/schema\/logo\/image\/\",\"url\":\"https:\/\/www.soespgraf.com\/wp-content\/uploads\/2020\/08\/DSC02324-2.png\",\"contentUrl\":\"https:\/\/www.soespgraf.com\/wp-content\/uploads\/2020\/08\/DSC02324-2.png\",\"width\":598,\"height\":598,\"caption\":\"Sociedad espa\u00f1ola de grafolog\u00eda\"},\"image\":{\"@id\":\"https:\/\/www.soespgraf.com\/#\/schema\/logo\/image\/\"}}]}<\/script>\n<!-- \/ Yoast SEO plugin. -->","yoast_head_json":{"title":"Sociedad Espa\u00f1ola de Grafolog\u00ed\u00ada","description":"\u00bfLe interesa saber qu\u00e9 es la grafolog\u00eda? Es una ciencia que estudia los m\u00faltiples aspectos de la personalidad por medio de la escritura. La grafolog\u00eda nos puede ayudar a conocernos a nosotros mismos as\u00ed como a las personas que nos rodean.El Sistema X\u00e1ndr\u00f3 es el resumen de 54 a\u00f1os de labor dedicada a la ense\u00f1anza hermanada con la investigaci\u00f3n.","robots":{"index":"index","follow":"follow","max-snippet":"max-snippet:-1","max-image-preview":"max-image-preview:large","max-video-preview":"max-video-preview:-1"},"canonical":"https:\/\/www.soespgraf.com\/?page_id=606","og_locale":"es_ES","og_type":"article","og_title":"Sociedad Espa\u00f1ola de Grafolog\u00ed\u00ada","og_description":"\u00bfLe interesa saber qu\u00e9 es la grafolog\u00eda? Es una ciencia que estudia los m\u00faltiples aspectos de la personalidad por medio de la escritura. La grafolog\u00eda nos puede ayudar a conocernos a nosotros mismos as\u00ed como a las personas que nos rodean.El Sistema X\u00e1ndr\u00f3 es el resumen de 54 a\u00f1os de labor dedicada a la ense\u00f1anza hermanada con la investigaci\u00f3n.","og_url":"https:\/\/www.soespgraf.com\/?page_id=606","og_site_name":"Sociedad Espa\u00f1ola de Grafolog\u00ed\u00ada","article_modified_time":"2020-10-27T20:11:16+00:00","twitter_card":"summary_large_image","schema":{"@context":"https:\/\/schema.org","@graph":[{"@type":"WebPage","@id":"https:\/\/www.soespgraf.com\/?page_id=606","url":"https:\/\/www.soespgraf.com\/?page_id=606","name":"Sociedad Espa\u00f1ola de Grafolog\u00ed\u00ada","isPartOf":{"@id":"https:\/\/www.soespgraf.com\/#website"},"datePublished":"2020-10-23T15:45:25+00:00","dateModified":"2020-10-27T20:11:16+00:00","breadcrumb":{"@id":"https:\/\/www.soespgraf.com\/?page_id=606#breadcrumb"},"inLanguage":"es"},{"@type":"WebSite","@id":"https:\/\/www.soespgraf.com\/#website","url":"https:\/\/www.soespgraf.com\/","name":"Sociedad Espa\u00f1ola de Grafolog\u00ed\u00ada","description":"Sociedad Espa\u00f1ola de Grafolog\u00ed\u00ada","publisher":{"@id":"https:\/\/www.soespgraf.com\/#organization"},"potentialAction":[{"@type":"SearchAction","target":{"@type":"EntryPoint","urlTemplate":"https:\/\/www.soespgraf.com\/?s={search_term_string}"},"query-input":{"@type":"PropertyValueSpecification","valueRequired":true,"valueName":"search_term_string"}}],"inLanguage":"es"},{"@type":"Organization","@id":"https:\/\/www.soespgraf.com\/#organization","name":"Sociedad espa\u00f1ola de grafolog\u00eda","url":"https:\/\/www.soespgraf.com\/","logo":{"@type":"ImageObject","inLanguage":"es","@id":"https:\/\/www.soespgraf.com\/#\/schema\/logo\/image\/","url":"https:\/\/www.soespgraf.com\/wp-content\/uploads\/2020\/08\/DSC02324-2.png","contentUrl":"https:\/\/www.soespgraf.com\/wp-content\/uploads\/2020\/08\/DSC02324-2.png","width":598,"height":598,"caption":"Sociedad espa\u00f1ola de grafolog\u00eda"},"image":{"@id":"https:\/\/www.soespgraf.com\/#\/schema\/logo\/image\/"}}]}},"_links":{"self":[{"href":"https:\/\/www.soespgraf.com\/index.php?rest_route=\/wp\/v2\/pages\/606","targetHints":{"allow":["GET"]}}],"collection":[{"href":"https:\/\/www.soespgraf.com\/index.php?rest_route=\/wp\/v2\/pages"}],"about":[{"href":"https:\/\/www.soespgraf.com\/index.php?rest_route=\/wp\/v2\/types\/page"}],"author":[{"embeddable":true,"href":"https:\/\/www.soespgraf.com\/index.php?rest_route=\/wp\/v2\/users\/1"}],"replies":[{"embeddable":true,"href":"https:\/\/www.soespgraf.com\/index.php?rest_route=%2Fwp%2Fv2%2Fcomments&post=606"}],"version-history":[{"count":3,"href":"https:\/\/www.soespgraf.com\/index.php?rest_route=\/wp\/v2\/pages\/606\/revisions"}],"predecessor-version":[{"id":654,"href":"https:\/\/www.soespgraf.com\/index.php?rest_route=\/wp\/v2\/pages\/606\/revisions\/654"}],"wp:attachment":[{"href":"https:\/\/www.soespgraf.com\/index.php?rest_route=%2Fwp%2Fv2%2Fmedia&parent=606"}],"curies":[{"name":"wp","href":"https:\/\/api.w.org\/{rel}","templated":true}]}}