{"id":75,"date":"2020-08-07T02:47:30","date_gmt":"2020-08-07T02:47:30","guid":{"rendered":"http:\/\/www.soespgraf.com\/?page_id=75"},"modified":"2025-01-17T19:28:40","modified_gmt":"2025-01-17T19:28:40","slug":"localizanos","status":"publish","type":"page","link":"https:\/\/www.soespgraf.com\/?page_id=75","title":{"rendered":"LOCALIZANOS"},"content":{"rendered":"<div class=\"wp-block-coblocks-social wp-block-coblocks-social-profiles is-style-mask alignfull has-text-align-center has-colors\"><ul><li><a href=\"https:\/\/twitter.com\/cbelgar?lang=es\" title=\"Facebook\" class=\"wp-block-button__link wp-block-coblocks-social__button wp-block-coblocks-social__button--facebook has-padding\" style=\"border-radius:40px\"><span class=\"wp-block-coblocks-social__icon\" style=\"height:22px;width:22px\"><\/span><span class=\"wp-block-coblocks-social__text\">Facebook<\/span><\/a><\/li><li><a href=\"https:\/\/twitter.com\/cbelgar?lang=es\" title=\"Twitter\" class=\"wp-block-button__link wp-block-coblocks-social__button wp-block-coblocks-social__button--twitter has-padding\" style=\"border-radius:40px\"><span class=\"wp-block-coblocks-social__icon\" style=\"height:22px;width:22px\"><\/span><span class=\"wp-block-coblocks-social__text\">Twitter<\/span><\/a><\/li><li><a href=\"https:\/\/www.pinterest.es\/pin\/647955465121531317\/\" title=\"Pinterest\" class=\"wp-block-button__link wp-block-coblocks-social__button wp-block-coblocks-social__button--pinterest has-padding\" style=\"border-radius:40px\"><span class=\"wp-block-coblocks-social__icon\" style=\"height:22px;width:22px\"><\/span><span class=\"wp-block-coblocks-social__text\">Pinterest<\/span><\/a><\/li><li><a href=\"https:\/\/es.linkedin.com\/in\/juan-carlos-belda-garc%C3%ADa-fresca-94785b23\" title=\"LinkedIn\" class=\"wp-block-button__link wp-block-coblocks-social__button wp-block-coblocks-social__button--linkedin has-padding\" style=\"border-radius:40px\"><span class=\"wp-block-coblocks-social__icon\" style=\"height:22px;width:22px\"><\/span><span class=\"wp-block-coblocks-social__text\">LinkedIn<\/span><\/a><\/li><\/ul><\/div>\n\n\n<h2 class=\"wp-block-heading has-text-align-center\">Aqu\u00ed nos podr\u00e1 encontrar<\/h2>\n\n\n\n<figure><iframe loading=\"lazy\" src=\"https:\/\/www.google.com\/maps\/embed?pb=!1m18!1m12!1m3!1d3038.082628761619!2d-3.6774322846797705!3d40.40702026415401!2m3!1f0!2f0!3f0!3m2!1i1024!2i768!4f13.1!3m3!1m2!1s0xd42261ba6bfa225%3A0x72d2dc98a1a70a0b!2sAv.%20del%20Mediterr%C3%A1neo%2C%2018%2C%20Bajo%20C%2C%2028007%20Madrid!5e0!3m2!1ses!2ses!4v1596768646797!5m2!1ses!2ses\" width=\"600\" height=\"450\" allowfullscreen=\"\"><\/iframe><\/figure>\n\n\n\n<figure class=\"wp-block-table\"><table class=\"has-background\" style=\"background-color:#f3f4f5\"><tbody><tr><td><strong><em>Sociedad espa\u00f1ola de grafolog\u00eda<\/em><\/strong><br>Calle\/Valderribas,19 &#8211; 28007 Madrid<\/td><td><strong>Tel\u00e9fonos <\/strong><br>915.52.02.61&#8211;677886708<\/td><\/tr><\/tbody><\/table><\/figure>\n\n\n\n<h6 class=\"wp-block-heading\">Si lo desea p\u00f3ngase en contacto con nosotros a trav\u00e9s de nuestro formulario y le atenderemos con la m\u00e1xima premura<\/h6>\n\n\n\n<div class=\"wp-block-buttons is-content-justification-center is-layout-flex wp-container-core-buttons-is-layout-16018d1d wp-block-buttons-is-layout-flex\">\n<div class=\"wp-block-button\"><a class=\"wp-block-button__link wp-element-button\" href=\"http:\/\/www.soespgraf.com\/?page_id=11\">Contacta con nosotros<\/a><\/div>\n<\/div>\n","protected":false},"excerpt":{"rendered":"<p>Aqu\u00ed nos podr\u00e1 encontrar Sociedad espa\u00f1ola de grafolog\u00edaCalle\/Valderribas,19 &#8211; 28007 Madrid Tel\u00e9fonos 915.52.02.61&#8211;677886708 Si lo desea p\u00f3ngase en contacto con nosotros a trav\u00e9s de nuestro formulario y le atenderemos con la m\u00e1xima premura<\/p>\n","protected":false},"author":1,"featured_media":0,"parent":0,"menu_order":0,"comment_status":"closed","ping_status":"closed","template":"","meta":{"_coblocks_attr":"","_coblocks_dimensions":"","_coblocks_responsive_height":"","_coblocks_accordion_ie_support":"","hide_page_title":"","footnotes":""},"class_list":["post-75","page","type-page","status-publish","hentry"],"yoast_head":"<!-- This site is optimized with the Yoast SEO plugin v25.6 - https:\/\/yoast.com\/wordpress\/plugins\/seo\/ -->\n<title>Sociedad Espa\u00f1ola de Grafolog\u00ed\u00ada<\/title>\n<meta name=\"description\" content=\"Grafolog\u00eda Cursos Psicolog\u00eda Ipsigrap Escritura Grafoterap\u00eda Personalidad Pericia Caligr\u00e1fica Letra Falso Firma Ol\u00f3grafo Testamento\" \/>\n<meta name=\"robots\" content=\"index, follow, max-snippet:-1, max-image-preview:large, max-video-preview:-1\" \/>\n<link rel=\"canonical\" href=\"https:\/\/www.soespgraf.com\/?page_id=75\" \/>\n<meta property=\"og:locale\" content=\"es_ES\" \/>\n<meta property=\"og:type\" content=\"article\" \/>\n<meta property=\"og:title\" content=\"Sociedad Espa\u00f1ola de Grafolog\u00ed\u00ada\" \/>\n<meta property=\"og:description\" content=\"Grafolog\u00eda Cursos Psicolog\u00eda Ipsigrap Escritura Grafoterap\u00eda Personalidad Pericia Caligr\u00e1fica Letra Falso Firma Ol\u00f3grafo Testamento\" \/>\n<meta property=\"og:url\" content=\"https:\/\/www.soespgraf.com\/?page_id=75\" \/>\n<meta property=\"og:site_name\" content=\"Sociedad Espa\u00f1ola de Grafolog\u00ed\u00ada\" \/>\n<meta property=\"article:modified_time\" content=\"2025-01-17T19:28:40+00:00\" \/>\n<meta name=\"twitter:card\" content=\"summary_large_image\" \/>\n<meta name=\"twitter:label1\" content=\"Tiempo de lectura\" \/>\n\t<meta name=\"twitter:data1\" content=\"1 minuto\" \/>\n<script type=\"application\/ld+json\" class=\"yoast-schema-graph\">{\"@context\":\"https:\/\/schema.org\",\"@graph\":[{\"@type\":\"WebPage\",\"@id\":\"https:\/\/www.soespgraf.com\/?page_id=75\",\"url\":\"https:\/\/www.soespgraf.com\/?page_id=75\",\"name\":\"Sociedad Espa\u00f1ola de Grafolog\u00ed\u00ada\",\"isPartOf\":{\"@id\":\"https:\/\/www.soespgraf.com\/#website\"},\"datePublished\":\"2020-08-07T02:47:30+00:00\",\"dateModified\":\"2025-01-17T19:28:40+00:00\",\"description\":\"Grafolog\u00eda Cursos Psicolog\u00eda Ipsigrap Escritura Grafoterap\u00eda Personalidad Pericia Caligr\u00e1fica Letra Falso Firma Ol\u00f3grafo Testamento\",\"breadcrumb\":{\"@id\":\"https:\/\/www.soespgraf.com\/?page_id=75#breadcrumb\"},\"inLanguage\":\"es\",\"potentialAction\":[{\"@type\":\"ReadAction\",\"target\":[\"https:\/\/www.soespgraf.com\/?page_id=75\"]}]},{\"@type\":\"BreadcrumbList\",\"@id\":\"https:\/\/www.soespgraf.com\/?page_id=75#breadcrumb\",\"itemListElement\":[{\"@type\":\"ListItem\",\"position\":1,\"name\":\"Home\",\"item\":\"https:\/\/www.soespgraf.com\/\"},{\"@type\":\"ListItem\",\"position\":2,\"name\":\"LOCALIZANOS\"}]},{\"@type\":\"WebSite\",\"@id\":\"https:\/\/www.soespgraf.com\/#website\",\"url\":\"https:\/\/www.soespgraf.com\/\",\"name\":\"Sociedad Espa\u00f1ola de Grafolog\u00ed\u00ada\",\"description\":\"Sociedad Espa\u00f1ola de Grafolog\u00ed\u00ada\",\"publisher\":{\"@id\":\"https:\/\/www.soespgraf.com\/#organization\"},\"potentialAction\":[{\"@type\":\"SearchAction\",\"target\":{\"@type\":\"EntryPoint\",\"urlTemplate\":\"https:\/\/www.soespgraf.com\/?s={search_term_string}\"},\"query-input\":{\"@type\":\"PropertyValueSpecification\",\"valueRequired\":true,\"valueName\":\"search_term_string\"}}],\"inLanguage\":\"es\"},{\"@type\":\"Organization\",\"@id\":\"https:\/\/www.soespgraf.com\/#organization\",\"name\":\"Sociedad espa\u00f1ola de grafolog\u00eda\",\"url\":\"https:\/\/www.soespgraf.com\/\",\"logo\":{\"@type\":\"ImageObject\",\"inLanguage\":\"es\",\"@id\":\"https:\/\/www.soespgraf.com\/#\/schema\/logo\/image\/\",\"url\":\"https:\/\/www.soespgraf.com\/wp-content\/uploads\/2020\/08\/DSC02324-2.png\",\"contentUrl\":\"https:\/\/www.soespgraf.com\/wp-content\/uploads\/2020\/08\/DSC02324-2.png\",\"width\":598,\"height\":598,\"caption\":\"Sociedad espa\u00f1ola de grafolog\u00eda\"},\"image\":{\"@id\":\"https:\/\/www.soespgraf.com\/#\/schema\/logo\/image\/\"}}]}<\/script>\n<!-- \/ Yoast SEO plugin. -->","yoast_head_json":{"title":"Sociedad Espa\u00f1ola de Grafolog\u00ed\u00ada","description":"Grafolog\u00eda Cursos Psicolog\u00eda Ipsigrap Escritura Grafoterap\u00eda Personalidad Pericia Caligr\u00e1fica Letra Falso Firma Ol\u00f3grafo Testamento","robots":{"index":"index","follow":"follow","max-snippet":"max-snippet:-1","max-image-preview":"max-image-preview:large","max-video-preview":"max-video-preview:-1"},"canonical":"https:\/\/www.soespgraf.com\/?page_id=75","og_locale":"es_ES","og_type":"article","og_title":"Sociedad Espa\u00f1ola de Grafolog\u00ed\u00ada","og_description":"Grafolog\u00eda Cursos Psicolog\u00eda Ipsigrap Escritura Grafoterap\u00eda Personalidad Pericia Caligr\u00e1fica Letra Falso Firma Ol\u00f3grafo Testamento","og_url":"https:\/\/www.soespgraf.com\/?page_id=75","og_site_name":"Sociedad Espa\u00f1ola de Grafolog\u00ed\u00ada","article_modified_time":"2025-01-17T19:28:40+00:00","twitter_card":"summary_large_image","twitter_misc":{"Tiempo de lectura":"1 minuto"},"schema":{"@context":"https:\/\/schema.org","@graph":[{"@type":"WebPage","@id":"https:\/\/www.soespgraf.com\/?page_id=75","url":"https:\/\/www.soespgraf.com\/?page_id=75","name":"Sociedad Espa\u00f1ola de Grafolog\u00ed\u00ada","isPartOf":{"@id":"https:\/\/www.soespgraf.com\/#website"},"datePublished":"2020-08-07T02:47:30+00:00","dateModified":"2025-01-17T19:28:40+00:00","description":"Grafolog\u00eda Cursos Psicolog\u00eda Ipsigrap Escritura Grafoterap\u00eda Personalidad Pericia Caligr\u00e1fica Letra Falso Firma Ol\u00f3grafo Testamento","breadcrumb":{"@id":"https:\/\/www.soespgraf.com\/?page_id=75#breadcrumb"},"inLanguage":"es","potentialAction":[{"@type":"ReadAction","target":["https:\/\/www.soespgraf.com\/?page_id=75"]}]},{"@type":"BreadcrumbList","@id":"https:\/\/www.soespgraf.com\/?page_id=75#breadcrumb","itemListElement":[{"@type":"ListItem","position":1,"name":"Home","item":"https:\/\/www.soespgraf.com\/"},{"@type":"ListItem","position":2,"name":"LOCALIZANOS"}]},{"@type":"WebSite","@id":"https:\/\/www.soespgraf.com\/#website","url":"https:\/\/www.soespgraf.com\/","name":"Sociedad Espa\u00f1ola de Grafolog\u00ed\u00ada","description":"Sociedad Espa\u00f1ola de Grafolog\u00ed\u00ada","publisher":{"@id":"https:\/\/www.soespgraf.com\/#organization"},"potentialAction":[{"@type":"SearchAction","target":{"@type":"EntryPoint","urlTemplate":"https:\/\/www.soespgraf.com\/?s={search_term_string}"},"query-input":{"@type":"PropertyValueSpecification","valueRequired":true,"valueName":"search_term_string"}}],"inLanguage":"es"},{"@type":"Organization","@id":"https:\/\/www.soespgraf.com\/#organization","name":"Sociedad espa\u00f1ola de grafolog\u00eda","url":"https:\/\/www.soespgraf.com\/","logo":{"@type":"ImageObject","inLanguage":"es","@id":"https:\/\/www.soespgraf.com\/#\/schema\/logo\/image\/","url":"https:\/\/www.soespgraf.com\/wp-content\/uploads\/2020\/08\/DSC02324-2.png","contentUrl":"https:\/\/www.soespgraf.com\/wp-content\/uploads\/2020\/08\/DSC02324-2.png","width":598,"height":598,"caption":"Sociedad espa\u00f1ola de grafolog\u00eda"},"image":{"@id":"https:\/\/www.soespgraf.com\/#\/schema\/logo\/image\/"}}]}},"_links":{"self":[{"href":"https:\/\/www.soespgraf.com\/index.php?rest_route=\/wp\/v2\/pages\/75","targetHints":{"allow":["GET"]}}],"collection":[{"href":"https:\/\/www.soespgraf.com\/index.php?rest_route=\/wp\/v2\/pages"}],"about":[{"href":"https:\/\/www.soespgraf.com\/index.php?rest_route=\/wp\/v2\/types\/page"}],"author":[{"embeddable":true,"href":"https:\/\/www.soespgraf.com\/index.php?rest_route=\/wp\/v2\/users\/1"}],"replies":[{"embeddable":true,"href":"https:\/\/www.soespgraf.com\/index.php?rest_route=%2Fwp%2Fv2%2Fcomments&post=75"}],"version-history":[{"count":17,"href":"https:\/\/www.soespgraf.com\/index.php?rest_route=\/wp\/v2\/pages\/75\/revisions"}],"predecessor-version":[{"id":1132,"href":"https:\/\/www.soespgraf.com\/index.php?rest_route=\/wp\/v2\/pages\/75\/revisions\/1132"}],"wp:attachment":[{"href":"https:\/\/www.soespgraf.com\/index.php?rest_route=%2Fwp%2Fv2%2Fmedia&parent=75"}],"curies":[{"name":"wp","href":"https:\/\/api.w.org\/{rel}","templated":true}]}}